{"id":67,"date":"2024-10-03T20:58:37","date_gmt":"2024-10-03T20:58:37","guid":{"rendered":"https:\/\/prueba.corresur.com.bo\/?page_id=67"},"modified":"2025-05-22T23:23:42","modified_gmt":"2025-05-22T23:23:42","slug":"callcenter","status":"publish","type":"page","link":"https:\/\/www.corresur.com.bo\/?page_id=67","title":{"rendered":"Call Center"},"content":{"rendered":"\n<div class=\"wp-block-group is-layout-constrained wp-container-core-group-is-layout-4ff4c1ab wp-block-group-is-layout-constrained\" style=\"padding-top:100px;padding-right:var(--wp--preset--spacing--20);padding-bottom:100px;padding-left:var(--wp--preset--spacing--20)\">\n<div class=\"wp-block-columns is-layout-flex wp-container-core-columns-is-layout-28f84493 wp-block-columns-is-layout-flex\">\n<div class=\"wp-block-column is-layout-constrained wp-container-core-column-is-layout-346627ba wp-block-column-is-layout-constrained\">\n<div class=\"wp-block-group is-layout-constrained wp-block-group-is-layout-constrained\" style=\"margin-bottom:45px\">\n<div class=\"wp-block-columns is-layout-flex wp-container-core-columns-is-layout-28f84493 wp-block-columns-is-layout-flex\">\n<div class=\"wp-block-column is-vertically-aligned-bottom is-layout-flow wp-block-column-is-layout-flow\">\n<h5 class=\"wp-block-heading accountra-animate accountra-move-right accountra-delay-3 has-secondary-color has-text-color has-small-font-size\" style=\"font-style:normal;font-weight:500\">Call Center<\/h5>\n\n\n\n<h2 class=\"wp-block-heading accountra-animate accountra-move-right accountra-delay-5 has-text-color\" style=\"color:#252425;font-size:32px;font-style:normal;font-weight:500\"><\/h2>\n<\/div>\n\n\n\n<div class=\"wp-block-column is-vertically-aligned-bottom is-layout-flow wp-block-column-is-layout-flow\" style=\"flex-basis:500px\">\n<p class=\"accountra-animate accountra-move-up accountra-delay-5 has-forth-color has-text-color has-tiny-font-size\" style=\"font-style:normal;font-weight:300\">N\u00fameros de centrales telef\u00f3nicas de las distintas compa\u00f1\u00edas aseguradoras del mercado local.<\/p>\n<\/div>\n\n\n\n<div class=\"wp-block-column is-vertically-aligned-bottom is-layout-flow wp-block-column-is-layout-flow\" style=\"flex-basis:200px\">\n<div class=\"wp-block-buttons is-content-justification-right is-layout-flex wp-container-core-buttons-is-layout-d445cf74 wp-block-buttons-is-layout-flex\"><\/div>\n<\/div>\n<\/div>\n<\/div>\n\n\n\n<div class=\"wp-block-group is-layout-flow wp-block-group-is-layout-flow\">\n<div class=\"wp-block-columns is-layout-flex wp-container-core-columns-is-layout-28f84493 wp-block-columns-is-layout-flex\">\n<div class=\"wp-block-column is-style-default accountra-animate accountra-move-up accountra-delay-5 is-layout-flow wp-block-column-is-layout-flow\">\n<div class=\"wp-block-group is-style-customboxshadow is-layout-flow wp-block-group-is-layout-flow\" style=\"border-radius:8px;padding-top:30px;padding-right:25px;padding-bottom:30px;padding-left:30px\">\n<div class=\"wp-block-columns are-vertically-aligned-top is-layout-flex wp-container-core-columns-is-layout-28f84493 wp-block-columns-is-layout-flex\">\n<div class=\"wp-block-column is-vertically-aligned-top is-layout-flow wp-block-column-is-layout-flow\" style=\"flex-basis:20%\">\n<figure class=\"wp-block-image size-large is-resized\"><img decoding=\"async\" src=\"https:\/\/corresur.com.bo\/wp-content\/themes\/accountra\/assets\/img\/icon-phone.webp\" alt=\"\" style=\"width:45px;height:43px\"\/><\/figure>\n<\/div>\n\n\n\n<div class=\"wp-block-column is-vertically-aligned-top is-layout-flow wp-block-column-is-layout-flow\" style=\"flex-basis:90%\">\n<h5 class=\"wp-block-heading has-text-color\" style=\"color:#252425;margin-top:0px;margin-right:0px;margin-bottom:20px;margin-left:0px;font-style:normal;font-weight:500\">Credinform<\/h5>\n\n\n\n<p class=\"accountra-margin-top-n10 has-forth-color has-text-color has-tiny-font-size\" style=\"font-style:normal;font-weight:300\">800 10 7003<\/p>\n\n\n\n<div class=\"wp-block-buttons is-content-justification-left is-layout-flex wp-container-core-buttons-is-layout-eeedef89 wp-block-buttons-is-layout-flex\" style=\"margin-top:15px\"><\/div>\n<\/div>\n<\/div>\n<\/div>\n<\/div>\n\n\n\n<div class=\"wp-block-column is-style-default accountra-animate accountra-move-up accountra-delay-7 is-layout-flow wp-block-column-is-layout-flow\">\n<div class=\"wp-block-group is-style-customboxshadow is-layout-flow wp-block-group-is-layout-flow\" style=\"border-radius:8px;padding-top:30px;padding-right:25px;padding-bottom:30px;padding-left:30px\">\n<div class=\"wp-block-columns are-vertically-aligned-top is-layout-flex wp-container-core-columns-is-layout-28f84493 wp-block-columns-is-layout-flex\">\n<div class=\"wp-block-column is-vertically-aligned-top is-layout-flow wp-block-column-is-layout-flow\" style=\"flex-basis:20%\">\n<figure class=\"wp-block-image size-large is-resized\"><img decoding=\"async\" src=\"https:\/\/corresur.com.bo\/wp-content\/themes\/accountra\/assets\/img\/icon-phone.webp\" alt=\"\" style=\"width:45px;height:45px\"\/><\/figure>\n<\/div>\n\n\n\n<div class=\"wp-block-column is-vertically-aligned-top is-layout-flow wp-block-column-is-layout-flow\" style=\"flex-basis:90%\">\n<h5 class=\"wp-block-heading has-text-color has-small-font-size\" style=\"color:#252425;margin-top:0px;margin-right:0px;margin-bottom:20px;margin-left:0px;font-style:normal;font-weight:500\">Fortaleza<\/h5>\n\n\n\n<p class=\"accountra-margin-top-n10 has-forth-color has-text-color has-tiny-font-size\" style=\"font-style:normal;font-weight:300\">800 12 99 92<\/p>\n\n\n\n<div class=\"wp-block-buttons is-content-justification-left is-layout-flex wp-container-core-buttons-is-layout-eeedef89 wp-block-buttons-is-layout-flex\" style=\"margin-top:15px\"><\/div>\n<\/div>\n<\/div>\n<\/div>\n<\/div>\n\n\n\n<div class=\"wp-block-column is-style-default accountra-animate accountra-move-up accountra-delay-10 is-layout-flow wp-block-column-is-layout-flow\">\n<div class=\"wp-block-group is-style-customboxshadow is-layout-flow wp-block-group-is-layout-flow\" style=\"border-radius:8px;padding-top:30px;padding-right:25px;padding-bottom:30px;padding-left:30px\">\n<div class=\"wp-block-columns are-vertically-aligned-top is-layout-flex wp-container-core-columns-is-layout-28f84493 wp-block-columns-is-layout-flex\">\n<div class=\"wp-block-column is-vertically-aligned-top is-layout-flow wp-block-column-is-layout-flow\" style=\"flex-basis:20%\">\n<figure class=\"wp-block-image size-large is-resized\"><img decoding=\"async\" src=\"https:\/\/corresur.com.bo\/wp-content\/themes\/accountra\/assets\/img\/icon-phone.webp\" alt=\"\" style=\"width:45px;height:45px\"\/><\/figure>\n<\/div>\n\n\n\n<div class=\"wp-block-column is-vertically-aligned-top is-layout-flow wp-block-column-is-layout-flow\" style=\"flex-basis:90%\">\n<h5 class=\"wp-block-heading has-text-color has-small-font-size\" style=\"color:#252425;margin-top:0px;margin-right:0px;margin-bottom:20px;margin-left:0px;font-style:normal;font-weight:500\">Bisa seguros<\/h5>\n\n\n\n<p class=\"accountra-margin-top-n10 has-forth-color has-text-color has-tiny-font-size\" style=\"font-style:normal;font-weight:300\">800 10 6060<\/p>\n\n\n\n<div class=\"wp-block-buttons is-content-justification-left is-layout-flex wp-container-core-buttons-is-layout-eeedef89 wp-block-buttons-is-layout-flex\" style=\"margin-top:15px\"><\/div>\n<\/div>\n<\/div>\n<\/div>\n<\/div>\n<\/div>\n<\/div>\n\n\n\n<div class=\"wp-block-group is-layout-flow wp-block-group-is-layout-flow\">\n<div class=\"wp-block-columns is-layout-flex wp-container-core-columns-is-layout-28f84493 wp-block-columns-is-layout-flex\">\n<div class=\"wp-block-column is-style-default accountra-animate accountra-move-up accountra-delay-5 is-layout-flow wp-block-column-is-layout-flow\">\n<div class=\"wp-block-group is-style-customboxshadow is-layout-flow wp-block-group-is-layout-flow\" style=\"border-radius:8px;padding-top:30px;padding-right:25px;padding-bottom:30px;padding-left:30px\">\n<div class=\"wp-block-columns are-vertically-aligned-top is-layout-flex wp-container-core-columns-is-layout-28f84493 wp-block-columns-is-layout-flex\">\n<div class=\"wp-block-column is-vertically-aligned-top is-layout-flow wp-block-column-is-layout-flow\" style=\"flex-basis:20%\">\n<figure class=\"wp-block-image size-large is-resized\"><img decoding=\"async\" src=\"https:\/\/corresur.com.bo\/wp-content\/themes\/accountra\/assets\/img\/icon-phone.webp\" alt=\"\" style=\"width:45px;height:45px\"\/><\/figure>\n<\/div>\n\n\n\n<div class=\"wp-block-column is-vertically-aligned-top is-layout-flow wp-block-column-is-layout-flow\" style=\"flex-basis:90%\">\n<h5 class=\"wp-block-heading has-text-color has-small-font-size\" style=\"color:#252425;margin-top:0px;margin-right:0px;margin-bottom:20px;margin-left:0px;font-style:normal;font-weight:500\">La Boliviana Ciacruz<\/h5>\n\n\n\n<p class=\"accountra-margin-top-n10 has-forth-color has-text-color has-tiny-font-size\" style=\"font-style:normal;font-weight:300\">800 10 2727<\/p>\n\n\n\n<div class=\"wp-block-buttons is-content-justification-left is-layout-flex wp-container-core-buttons-is-layout-eeedef89 wp-block-buttons-is-layout-flex\" style=\"margin-top:15px\"><\/div>\n<\/div>\n<\/div>\n<\/div>\n<\/div>\n\n\n\n<div class=\"wp-block-column is-style-default accountra-animate accountra-move-up accountra-delay-7 is-layout-flow wp-block-column-is-layout-flow\">\n<div class=\"wp-block-group is-style-customboxshadow is-layout-flow wp-block-group-is-layout-flow\" style=\"border-radius:8px;padding-top:30px;padding-right:25px;padding-bottom:30px;padding-left:30px\">\n<div class=\"wp-block-columns are-vertically-aligned-top is-layout-flex wp-container-core-columns-is-layout-28f84493 wp-block-columns-is-layout-flex\">\n<div class=\"wp-block-column is-vertically-aligned-top is-layout-flow wp-block-column-is-layout-flow\" style=\"flex-basis:20%\">\n<figure class=\"wp-block-image size-large is-resized\"><img decoding=\"async\" src=\"https:\/\/corresur.com.bo\/wp-content\/themes\/accountra\/assets\/img\/icon-phone.webp\" alt=\"\" style=\"width:45px;height:45px\"\/><\/figure>\n<\/div>\n\n\n\n<div class=\"wp-block-column is-vertically-aligned-top is-layout-flow wp-block-column-is-layout-flow\" style=\"flex-basis:90%\">\n<h5 class=\"wp-block-heading has-text-color has-small-font-size\" style=\"color:#252425;margin-top:0px;margin-right:0px;margin-bottom:20px;margin-left:0px;font-style:normal;font-weight:500\">Alianza Seguros<\/h5>\n\n\n\n<p class=\"accountra-margin-top-n10 has-forth-color has-text-color has-tiny-font-size\" style=\"font-style:normal;font-weight:300\">800 10 6622<\/p>\n\n\n\n<div class=\"wp-block-buttons is-content-justification-left is-layout-flex wp-container-core-buttons-is-layout-eeedef89 wp-block-buttons-is-layout-flex\" style=\"margin-top:15px\"><\/div>\n<\/div>\n<\/div>\n<\/div>\n<\/div>\n\n\n\n<div class=\"wp-block-column is-style-default accountra-animate accountra-move-up accountra-delay-10 is-layout-flow wp-block-column-is-layout-flow\">\n<div class=\"wp-block-group is-style-customboxshadow is-layout-flow wp-block-group-is-layout-flow\" style=\"border-radius:8px;padding-top:30px;padding-right:25px;padding-bottom:30px;padding-left:30px\">\n<div class=\"wp-block-columns are-vertically-aligned-top is-layout-flex wp-container-core-columns-is-layout-28f84493 wp-block-columns-is-layout-flex\">\n<div class=\"wp-block-column is-vertically-aligned-top is-layout-flow wp-block-column-is-layout-flow\" style=\"flex-basis:20%\">\n<figure class=\"wp-block-image size-large is-resized\"><img decoding=\"async\" src=\"https:\/\/corresur.com.bo\/wp-content\/themes\/accountra\/assets\/img\/icon-phone.webp\" alt=\"\" style=\"width:45px;height:45px\"\/><\/figure>\n<\/div>\n\n\n\n<div class=\"wp-block-column is-vertically-aligned-top is-layout-flow wp-block-column-is-layout-flow\" style=\"flex-basis:90%\">\n<h5 class=\"wp-block-heading has-text-color has-small-font-size\" style=\"color:#252425;margin-top:0px;margin-right:0px;margin-bottom:20px;margin-left:0px;font-style:normal;font-weight:500\">Nacional Patrimoniales<\/h5>\n\n\n\n<p class=\"accountra-margin-top-n10 has-forth-color has-text-color has-tiny-font-size\" style=\"font-style:normal;font-weight:300\">800 10 9911<\/p>\n\n\n\n<div class=\"wp-block-buttons is-content-justification-left is-layout-flex wp-container-core-buttons-is-layout-eeedef89 wp-block-buttons-is-layout-flex\" style=\"margin-top:15px\"><\/div>\n<\/div>\n<\/div>\n<\/div>\n<\/div>\n<\/div>\n\n\n\n<div class=\"wp-block-columns is-layout-flex wp-container-core-columns-is-layout-28f84493 wp-block-columns-is-layout-flex\">\n<div class=\"wp-block-column is-style-default accountra-animate accountra-move-up accountra-delay-5 is-layout-flow wp-block-column-is-layout-flow\">\n<div class=\"wp-block-group is-style-customboxshadow is-layout-flow wp-block-group-is-layout-flow\" style=\"border-radius:8px;padding-top:30px;padding-right:25px;padding-bottom:30px;padding-left:30px\">\n<div class=\"wp-block-columns are-vertically-aligned-top is-layout-flex wp-container-core-columns-is-layout-28f84493 wp-block-columns-is-layout-flex\">\n<div class=\"wp-block-column is-vertically-aligned-top is-layout-flow wp-block-column-is-layout-flow\" style=\"flex-basis:20%\">\n<figure class=\"wp-block-image size-large is-resized\"><img decoding=\"async\" src=\"https:\/\/corresur.com.bo\/wp-content\/themes\/accountra\/assets\/img\/icon-phone.webp\" alt=\"\" style=\"width:45px;height:45px\"\/><\/figure>\n<\/div>\n\n\n\n<div class=\"wp-block-column is-vertically-aligned-top is-layout-flow wp-block-column-is-layout-flow\" style=\"flex-basis:90%\">\n<h5 class=\"wp-block-heading has-text-color has-small-font-size\" style=\"color:#252425;margin-top:0px;margin-right:0px;margin-bottom:20px;margin-left:0px;font-style:normal;font-weight:500\">Nacional Vida<\/h5>\n\n\n\n<p class=\"accountra-margin-top-n10 has-forth-color has-text-color has-tiny-font-size\" style=\"font-style:normal;font-weight:300\">800 10 7000<\/p>\n\n\n\n<div class=\"wp-block-buttons is-content-justification-left is-layout-flex wp-container-core-buttons-is-layout-eeedef89 wp-block-buttons-is-layout-flex\" style=\"margin-top:15px\"><\/div>\n<\/div>\n<\/div>\n<\/div>\n<\/div>\n\n\n\n<div class=\"wp-block-column is-style-default accountra-animate accountra-move-up accountra-delay-7 is-layout-flow wp-block-column-is-layout-flow\">\n<div class=\"wp-block-group is-style-customboxshadow is-layout-flow wp-block-group-is-layout-flow\" style=\"border-radius:8px;padding-top:30px;padding-right:25px;padding-bottom:30px;padding-left:30px\">\n<div class=\"wp-block-columns are-vertically-aligned-top is-layout-flex wp-container-core-columns-is-layout-28f84493 wp-block-columns-is-layout-flex\">\n<div class=\"wp-block-column is-vertically-aligned-top is-layout-flow wp-block-column-is-layout-flow\" style=\"flex-basis:20%\">\n<figure class=\"wp-block-image size-large is-resized\"><img decoding=\"async\" src=\"https:\/\/corresur.com.bo\/wp-content\/themes\/accountra\/assets\/img\/icon-phone.webp\" alt=\"\" style=\"width:45px;height:45px\"\/><\/figure>\n<\/div>\n\n\n\n<div class=\"wp-block-column is-vertically-aligned-top is-layout-flow wp-block-column-is-layout-flow\" style=\"flex-basis:90%\">\n<h5 class=\"wp-block-heading has-text-color has-small-font-size\" style=\"color:#252425;margin-top:0px;margin-right:0px;margin-bottom:20px;margin-left:0px;font-style:normal;font-weight:500\">Mercantil Scz<\/h5>\n\n\n\n<p class=\"accountra-margin-top-n10 has-forth-color has-text-color has-tiny-font-size\" style=\"font-style:normal;font-weight:300\">800-10-6100<\/p>\n\n\n\n<div class=\"wp-block-buttons is-content-justification-left is-layout-flex wp-container-core-buttons-is-layout-eeedef89 wp-block-buttons-is-layout-flex\" style=\"margin-top:15px\"><\/div>\n<\/div>\n<\/div>\n<\/div>\n<\/div>\n\n\n\n<div class=\"wp-block-column is-style-default accountra-animate accountra-move-up accountra-delay-10 is-layout-flow wp-block-column-is-layout-flow\">\n<div class=\"wp-block-group is-style-customboxshadow is-layout-flow wp-block-group-is-layout-flow\" style=\"border-radius:8px;padding-top:30px;padding-right:25px;padding-bottom:30px;padding-left:30px\">\n<div class=\"wp-block-columns are-vertically-aligned-top is-layout-flex wp-container-core-columns-is-layout-28f84493 wp-block-columns-is-layout-flex\">\n<div class=\"wp-block-column is-vertically-aligned-top is-layout-flow wp-block-column-is-layout-flow\" style=\"flex-basis:20%\">\n<figure class=\"wp-block-image size-large is-resized\"><img decoding=\"async\" src=\"https:\/\/corresur.com.bo\/wp-content\/themes\/accountra\/assets\/img\/icon-phone.webp\" alt=\"\" style=\"width:45px;height:45px\"\/><\/figure>\n<\/div>\n\n\n\n<div class=\"wp-block-column is-vertically-aligned-top is-layout-flow wp-block-column-is-layout-flow\" style=\"flex-basis:90%\">\n<h5 class=\"wp-block-heading has-text-color has-small-font-size\" style=\"color:#252425;margin-top:0px;margin-right:0px;margin-bottom:20px;margin-left:0px;font-style:normal;font-weight:500\">Crediseguro<\/h5>\n\n\n\n<p class=\"accountra-margin-top-n10 has-forth-color has-text-color has-tiny-font-size\" style=\"font-style:normal;font-weight:300\">2 2175900<\/p>\n\n\n\n<div class=\"wp-block-buttons is-content-justification-left is-layout-flex wp-container-core-buttons-is-layout-eeedef89 wp-block-buttons-is-layout-flex\" style=\"margin-top:15px\"><\/div>\n<\/div>\n<\/div>\n<\/div>\n<\/div>\n<\/div>\n\n\n\n<div class=\"wp-block-columns is-layout-flex wp-container-core-columns-is-layout-28f84493 wp-block-columns-is-layout-flex\">\n<div class=\"wp-block-column is-style-default accountra-animate accountra-move-up accountra-delay-5 is-layout-flow wp-block-column-is-layout-flow\">\n<div class=\"wp-block-group is-style-customboxshadow is-layout-flow wp-block-group-is-layout-flow\" style=\"border-radius:8px;padding-top:30px;padding-right:25px;padding-bottom:30px;padding-left:30px\">\n<div class=\"wp-block-columns are-vertically-aligned-top is-layout-flex wp-container-core-columns-is-layout-28f84493 wp-block-columns-is-layout-flex\">\n<div class=\"wp-block-column is-vertically-aligned-top is-layout-flow wp-block-column-is-layout-flow\" style=\"flex-basis:20%\">\n<figure class=\"wp-block-image size-large is-resized\"><img decoding=\"async\" src=\"https:\/\/corresur.com.bo\/wp-content\/themes\/accountra\/assets\/img\/icon-phone.webp\" alt=\"\" style=\"width:45px;height:45px\"\/><\/figure>\n<\/div>\n\n\n\n<div class=\"wp-block-column is-vertically-aligned-top is-layout-flow wp-block-column-is-layout-flow\" style=\"flex-basis:90%\">\n<h5 class=\"wp-block-heading has-text-color has-small-font-size\" style=\"color:#252425;margin-top:0px;margin-right:0px;margin-bottom:20px;margin-left:0px;font-style:normal;font-weight:500\">Unibienes<\/h5>\n\n\n\n<p class=\"accountra-margin-top-n10 has-forth-color has-text-color has-tiny-font-size\" style=\"font-style:normal;font-weight:300\">800 17 1010<\/p>\n\n\n\n<div class=\"wp-block-buttons is-content-justification-left is-layout-flex wp-container-core-buttons-is-layout-eeedef89 wp-block-buttons-is-layout-flex\" style=\"margin-top:15px\"><\/div>\n<\/div>\n<\/div>\n<\/div>\n<\/div>\n\n\n\n<div class=\"wp-block-column is-style-default accountra-animate accountra-move-up accountra-delay-7 is-layout-flow wp-block-column-is-layout-flow\"><\/div>\n\n\n\n<div class=\"wp-block-column is-style-default accountra-animate accountra-move-up accountra-delay-10 is-layout-flow wp-block-column-is-layout-flow\"><\/div>\n<\/div>\n<\/div>\n<\/div>\n<\/div>\n<\/div>\n","protected":false},"excerpt":{"rendered":"<p>Call Center N\u00fameros de centrales telef\u00f3nicas de las distintas compa\u00f1\u00edas aseguradoras del mercado local. Credinform 800 10 7003 Fortaleza 800 12 99 92 Bisa seguros 800 10 6060 La Boliviana Ciacruz 800 10 2727 Alianza Seguros 800 10 6622 Nacional Patrimoniales 800 10 9911 Nacional Vida 800 10 7000 Mercantil Scz 800-10-6100 Crediseguro 2 2175900 Unibienes 800 17 1010<\/p>\n","protected":false},"author":1,"featured_media":0,"parent":0,"menu_order":0,"comment_status":"closed","ping_status":"closed","template":"","meta":{"footnotes":""},"class_list":["post-67","page","type-page","status-publish","hentry"],"_links":{"self":[{"href":"https:\/\/www.corresur.com.bo\/index.php?rest_route=\/wp\/v2\/pages\/67","targetHints":{"allow":["GET"]}}],"collection":[{"href":"https:\/\/www.corresur.com.bo\/index.php?rest_route=\/wp\/v2\/pages"}],"about":[{"href":"https:\/\/www.corresur.com.bo\/index.php?rest_route=\/wp\/v2\/types\/page"}],"author":[{"embeddable":true,"href":"https:\/\/www.corresur.com.bo\/index.php?rest_route=\/wp\/v2\/users\/1"}],"replies":[{"embeddable":true,"href":"https:\/\/www.corresur.com.bo\/index.php?rest_route=%2Fwp%2Fv2%2Fcomments&post=67"}],"version-history":[{"count":5,"href":"https:\/\/www.corresur.com.bo\/index.php?rest_route=\/wp\/v2\/pages\/67\/revisions"}],"predecessor-version":[{"id":689,"href":"https:\/\/www.corresur.com.bo\/index.php?rest_route=\/wp\/v2\/pages\/67\/revisions\/689"}],"wp:attachment":[{"href":"https:\/\/www.corresur.com.bo\/index.php?rest_route=%2Fwp%2Fv2%2Fmedia&parent=67"}],"curies":[{"name":"wp","href":"https:\/\/api.w.org\/{rel}","templated":true}]}}