{"id":65,"date":"2024-10-03T20:58:20","date_gmt":"2024-10-03T20:58:20","guid":{"rendered":"https:\/\/prueba.corresur.com.bo\/?page_id=65"},"modified":"2025-05-22T23:28:09","modified_gmt":"2025-05-22T23:28:09","slug":"especialistas","status":"publish","type":"page","link":"https:\/\/www.corresur.com.bo\/?page_id=65","title":{"rendered":"Especialistas m\u00e9dicos"},"content":{"rendered":"\n<div class=\"wp-block-group is-layout-constrained wp-container-core-group-is-layout-a6db6f11 wp-block-group-is-layout-constrained\" style=\"padding-top:100px;padding-bottom:100px\">\n<div class=\"wp-block-columns is-layout-flex wp-container-core-columns-is-layout-28f84493 wp-block-columns-is-layout-flex\">\n<div class=\"wp-block-column is-layout-flow wp-block-column-is-layout-flow\">\n<div class=\"wp-block-group is-layout-flow wp-block-group-is-layout-flow\">\n<div class=\"wp-block-columns is-layout-flex wp-container-core-columns-is-layout-28f84493 wp-block-columns-is-layout-flex\">\n<div class=\"wp-block-column is-style-default accountra-animate accountra-move-up accountra-delay-5 is-layout-flow wp-block-column-is-layout-flow\">\n<div class=\"wp-block-group is-style-customboxshadow is-layout-flow wp-block-group-is-layout-flow\" style=\"border-radius:8px;padding-top:30px;padding-right:25px;padding-bottom:30px;padding-left:30px\">\n<div class=\"wp-block-columns are-vertically-aligned-top is-layout-flex wp-container-core-columns-is-layout-28f84493 wp-block-columns-is-layout-flex\">\n<div class=\"wp-block-column is-vertically-aligned-top is-layout-flow wp-block-column-is-layout-flow\" style=\"flex-basis:20%\">\n<figure class=\"wp-block-image size-large is-resized\"><img decoding=\"async\" src=\"https:\/\/corresur.com.bo\/wp-content\/themes\/accountra\/assets\/img\/user-icon.webp\" alt=\"\" style=\"width:45px;height:43px\"\/><\/figure>\n<\/div>\n\n\n\n<div class=\"wp-block-column is-vertically-aligned-top is-layout-flow wp-block-column-is-layout-flow\" style=\"flex-basis:90%\">\n<h5 class=\"wp-block-heading has-text-color\" style=\"color:#252425;margin-top:0px;margin-right:0px;margin-bottom:20px;margin-left:0px;font-style:normal;font-weight:500\">Bisa Seguros<\/h5>\n\n\n\n<p>Listado de especialistas con los que podr\u00e1s consultar toda la informaci\u00f3n correspondiente de los distintos centros m\u00e9dicos, laboratorios y prestadores de salud para que puedas realizar tus citas, ex\u00e1menes y m\u00e1s.<\/p>\n\n\n\n<div class=\"wp-block-buttons is-content-justification-left is-layout-flex wp-container-core-buttons-is-layout-eeedef89 wp-block-buttons-is-layout-flex\" style=\"margin-top:15px\">\n<div class=\"wp-block-button is-style-custombuttonfill is-style-custombuttontwo\"><a class=\"wp-block-button__link has-secondary-color has-text-color has-background has-helvetica-arial-font-family has-custom-font-size wp-element-button\" href=\"https:\/\/www.bisaseguros.com\/bisaseg-services-fe-webapp\/Medicos?hsCtaTracking=6472eca8-c07c-4046-9568-f888f6825431%7C9788b708-da90-467d-9494-6f72619470db\" style=\"background-color:#ffbc0300;padding-top:0px;padding-right:0px;padding-bottom:0px;padding-left:0px;font-size:14px\" target=\"_blank\" rel=\"noreferrer noopener\">Consulta<\/a><\/div>\n<\/div>\n<\/div>\n<\/div>\n<\/div>\n<\/div>\n\n\n\n<div class=\"wp-block-column is-style-default accountra-animate accountra-move-up accountra-delay-7 is-layout-flow wp-block-column-is-layout-flow\">\n<div class=\"wp-block-group is-style-customboxshadow is-layout-flow wp-block-group-is-layout-flow\" style=\"border-radius:8px;padding-top:30px;padding-right:25px;padding-bottom:30px;padding-left:30px\">\n<div class=\"wp-block-columns are-vertically-aligned-top is-layout-flex wp-container-core-columns-is-layout-28f84493 wp-block-columns-is-layout-flex\">\n<div class=\"wp-block-column is-vertically-aligned-top is-layout-flow wp-block-column-is-layout-flow\" style=\"flex-basis:20%\">\n<figure class=\"wp-block-image size-large is-resized\"><img decoding=\"async\" src=\"https:\/\/corresur.com.bo\/wp-content\/themes\/accountra\/assets\/img\/group-icon.webp\" alt=\"\" style=\"width:45px;height:45px\"\/><\/figure>\n<\/div>\n\n\n\n<div class=\"wp-block-column is-vertically-aligned-top is-layout-flow wp-block-column-is-layout-flow\" style=\"flex-basis:90%\">\n<h5 class=\"wp-block-heading has-text-color has-small-font-size\" style=\"color:#252425;margin-top:0px;margin-right:0px;margin-bottom:20px;margin-left:0px;font-style:normal;font-weight:500\">Alianza Vida<\/h5>\n\n\n\n<p>Listado de especialistas con los que podr\u00e1s consultar toda la informaci\u00f3n correspondiente de los distintos centros m\u00e9dicos, laboratorios y prestadores de salud para que puedas realizar tus citas, ex\u00e1menes y m\u00e1s.<\/p>\n\n\n\n<div class=\"wp-block-buttons is-content-justification-left is-layout-flex wp-container-core-buttons-is-layout-eeedef89 wp-block-buttons-is-layout-flex\" style=\"margin-top:15px\">\n<div class=\"wp-block-button is-style-custombuttonfill is-style-custombuttontwo\"><a class=\"wp-block-button__link has-secondary-color has-text-color has-background has-helvetica-arial-font-family has-custom-font-size wp-element-button\" href=\"https:\/\/www1.alianza.com.bo\/#!\/clinics\" style=\"background-color:#ffbc0300;padding-top:0px;padding-right:0px;padding-bottom:0px;padding-left:0px;font-size:14px\" target=\"_blank\" rel=\"noreferrer noopener\">Consulta<\/a><\/div>\n<\/div>\n<\/div>\n<\/div>\n<\/div>\n<\/div>\n\n\n\n<div class=\"wp-block-column is-style-default accountra-animate accountra-move-up accountra-delay-10 is-layout-flow wp-block-column-is-layout-flow\">\n<div class=\"wp-block-group is-style-customboxshadow is-layout-flow wp-block-group-is-layout-flow\" style=\"border-radius:8px;padding-top:30px;padding-right:25px;padding-bottom:30px;padding-left:30px\">\n<div class=\"wp-block-columns are-vertically-aligned-top is-layout-flex wp-container-core-columns-is-layout-28f84493 wp-block-columns-is-layout-flex\">\n<div class=\"wp-block-column is-vertically-aligned-top is-layout-flow wp-block-column-is-layout-flow\" style=\"flex-basis:20%\">\n<figure class=\"wp-block-image size-large is-resized\"><img decoding=\"async\" src=\"https:\/\/corresur.com.bo\/wp-content\/themes\/accountra\/assets\/img\/user-icon.webp\" alt=\"\" style=\"width:45px;height:45px\"\/><\/figure>\n<\/div>\n\n\n\n<div class=\"wp-block-column is-vertically-aligned-top is-layout-flow wp-block-column-is-layout-flow\" style=\"flex-basis:90%\">\n<h5 class=\"wp-block-heading has-text-color has-small-font-size\" style=\"color:#252425;margin-top:0px;margin-right:0px;margin-bottom:20px;margin-left:0px;font-style:normal;font-weight:500\">Nacional Seguros<\/h5>\n\n\n\n<p>Listado de especialistas con los que podr\u00e1s consultar toda la informaci\u00f3n correspondiente de los distintos centros m\u00e9dicos, laboratorios y prestadores de salud para que puedas realizar tus citas, ex\u00e1menes y m\u00e1s.<\/p>\n\n\n\n<div class=\"wp-block-buttons is-content-justification-left is-layout-flex wp-container-core-buttons-is-layout-eeedef89 wp-block-buttons-is-layout-flex\" style=\"margin-top:15px\">\n<div class=\"wp-block-button is-style-custombuttonfill is-style-custombuttontwo\"><a class=\"wp-block-button__link has-secondary-color has-text-color has-background has-helvetica-arial-font-family has-custom-font-size wp-element-button\" href=\"https:\/\/nacionalseguros.com.bo\/red-medica-de-nacional-seguros\" style=\"background-color:#ffbc0300;padding-top:0px;padding-right:0px;padding-bottom:0px;padding-left:0px;font-size:14px\" target=\"_blank\" rel=\"noreferrer noopener\">Consulta<\/a><\/div>\n<\/div>\n<\/div>\n<\/div>\n<\/div>\n<\/div>\n<\/div>\n<\/div>\n<\/div>\n<\/div>\n<\/div>\n","protected":false},"excerpt":{"rendered":"<p>Bisa Seguros Listado de especialistas con los que podr\u00e1s consultar toda la informaci\u00f3n correspondiente de los distintos centros m\u00e9dicos, laboratorios y prestadores de salud para que puedas realizar tus citas, ex\u00e1menes y m\u00e1s. Alianza Vida Listado de especialistas con los que podr\u00e1s consultar toda la informaci\u00f3n correspondiente de los distintos centros m\u00e9dicos, laboratorios y prestadores de salud para que puedas realizar tus citas, ex\u00e1menes y m\u00e1s. Nacional Seguros Listado de especialistas con los que podr\u00e1s consultar toda la informaci\u00f3n correspondiente de los distintos centros m\u00e9dicos, laboratorios y prestadores de salud para que puedas realizar tus citas, ex\u00e1menes y m\u00e1s.<\/p>\n","protected":false},"author":1,"featured_media":0,"parent":0,"menu_order":0,"comment_status":"closed","ping_status":"closed","template":"","meta":{"footnotes":""},"class_list":["post-65","page","type-page","status-publish","hentry"],"_links":{"self":[{"href":"https:\/\/www.corresur.com.bo\/index.php?rest_route=\/wp\/v2\/pages\/65","targetHints":{"allow":["GET"]}}],"collection":[{"href":"https:\/\/www.corresur.com.bo\/index.php?rest_route=\/wp\/v2\/pages"}],"about":[{"href":"https:\/\/www.corresur.com.bo\/index.php?rest_route=\/wp\/v2\/types\/page"}],"author":[{"embeddable":true,"href":"https:\/\/www.corresur.com.bo\/index.php?rest_route=\/wp\/v2\/users\/1"}],"replies":[{"embeddable":true,"href":"https:\/\/www.corresur.com.bo\/index.php?rest_route=%2Fwp%2Fv2%2Fcomments&post=65"}],"version-history":[{"count":5,"href":"https:\/\/www.corresur.com.bo\/index.php?rest_route=\/wp\/v2\/pages\/65\/revisions"}],"predecessor-version":[{"id":694,"href":"https:\/\/www.corresur.com.bo\/index.php?rest_route=\/wp\/v2\/pages\/65\/revisions\/694"}],"wp:attachment":[{"href":"https:\/\/www.corresur.com.bo\/index.php?rest_route=%2Fwp%2Fv2%2Fmedia&parent=65"}],"curies":[{"name":"wp","href":"https:\/\/api.w.org\/{rel}","templated":true}]}}