{"id":615,"date":"2025-04-21T19:06:11","date_gmt":"2025-04-21T19:06:11","guid":{"rendered":"https:\/\/prueba.corresur.com.bo\/?page_id=615"},"modified":"2025-05-22T23:36:08","modified_gmt":"2025-05-22T23:36:08","slug":"vitalicia","status":"publish","type":"page","link":"https:\/\/www.corresur.com.bo\/?page_id=615","title":{"rendered":"vitalicia"},"content":{"rendered":"\n<div class=\"wp-block-group is-layout-constrained wp-container-core-group-is-layout-a6db6f11 wp-block-group-is-layout-constrained wp-container-1 is-position-sticky\" style=\"padding-top:100px;padding-bottom:100px\">\n<div class=\"wp-block-columns is-layout-flex wp-container-core-columns-is-layout-28f84493 wp-block-columns-is-layout-flex\">\n<div class=\"wp-block-column is-layout-flow wp-block-column-is-layout-flow\">\n<div class=\"wp-block-group is-layout-flow wp-block-group-is-layout-flow\" style=\"margin-bottom:45px\">\n<div class=\"wp-block-columns is-layout-flex wp-container-core-columns-is-layout-28f84493 wp-block-columns-is-layout-flex\">\n<div class=\"wp-block-column is-vertically-aligned-bottom is-layout-flow wp-block-column-is-layout-flow\">\n<h5 class=\"wp-block-heading accountra-animate accountra-move-right accountra-delay-3 has-secondary-color has-text-color has-small-font-size\" style=\"font-style:normal;font-weight:500\">M\u00e9todos de pago<\/h5>\n\n\n\n<h2 class=\"wp-block-heading accountra-animate accountra-move-right accountra-delay-5 has-text-color\" style=\"color:#252425;font-size:32px;font-style:normal;font-weight:500\">Que servicios ofrecemos<\/h2>\n<\/div>\n\n\n\n<div class=\"wp-block-column is-vertically-aligned-bottom is-layout-flow wp-block-column-is-layout-flow\" style=\"flex-basis:500px\">\n<p class=\"accountra-animate accountra-move-up accountra-delay-5 has-forth-color has-text-color has-tiny-font-size\" style=\"font-style:normal;font-weight:300\">Puedes realizar tu pago a trav\u00e9s de las siguientes opciones: portal web, red multipagos, dep\u00f3sitos o transferencia bancaria, cobrador o pago en compa\u00f1\u00eda.<\/p>\n\n\n\n<p><a href=\"https:\/\/lavitalicia.bo\/informacion-cliente\/\">Consultar<\/a><\/p>\n<\/div>\n\n\n\n<div class=\"wp-block-column is-vertically-aligned-bottom is-layout-flow wp-block-column-is-layout-flow\" style=\"flex-basis:200px\">\n<div class=\"wp-block-buttons is-content-justification-right is-layout-flex wp-container-core-buttons-is-layout-d445cf74 wp-block-buttons-is-layout-flex\"><\/div>\n<\/div>\n<\/div>\n<\/div>\n\n\n\n<div class=\"wp-block-columns is-layout-flex wp-container-core-columns-is-layout-28f84493 wp-block-columns-is-layout-flex\">\n<div class=\"wp-block-column is-layout-flow wp-block-column-is-layout-flow\" style=\"padding-right:10px\">\n<figure class=\"wp-block-image alignleft size-full is-resized has-custom-border is-style-default\" style=\"margin-top:0;margin-bottom:0\"><img loading=\"lazy\" decoding=\"async\" width=\"1000\" height=\"1000\" src=\"https:\/\/corresur.com.bo\/wp-content\/uploads\/2025\/04\/VITALICIA.webp\" alt=\"\" class=\"wp-image-600\" style=\"border-radius:8px;object-fit:cover;width:450px;height:300px\" srcset=\"https:\/\/www.corresur.com.bo\/wp-content\/uploads\/2025\/04\/VITALICIA.webp 1000w, https:\/\/www.corresur.com.bo\/wp-content\/uploads\/2025\/04\/VITALICIA-300x300.webp 300w, https:\/\/www.corresur.com.bo\/wp-content\/uploads\/2025\/04\/VITALICIA-150x150.webp 150w, https:\/\/www.corresur.com.bo\/wp-content\/uploads\/2025\/04\/VITALICIA-768x768.webp 768w\" sizes=\"auto, (max-width: 1000px) 100vw, 1000px\" \/><\/figure>\n<\/div>\n\n\n\n<div class=\"wp-block-column is-vertically-aligned-center is-layout-flow wp-block-column-is-layout-flow\">\n<div class=\"wp-block-columns are-vertically-aligned-top is-layout-flex wp-container-core-columns-is-layout-28f84493 wp-block-columns-is-layout-flex\">\n<div class=\"wp-block-column is-vertically-aligned-top is-layout-flow wp-block-column-is-layout-flow\">\n<details class=\"wp-block-details is-layout-flow wp-block-details-is-layout-flow\" open><summary>Cuenta bancaria<\/summary>\n<figure class=\"wp-block-table is-style-regular\"><table class=\"has-fixed-layout\"><thead><tr><th><strong>BANCO<\/strong><\/th><th>$<strong>US<\/strong>.<\/th><th><strong>Bs.<\/strong><\/th><\/tr><\/thead><tbody><tr><td>BANCO BISA<\/td><td>031765-202-0<\/td><td>031765-005-1<\/td><\/tr><tr><td>BANCO UNION<\/td><td>20000000775037<\/td><td>10000000775029<\/td><\/tr><\/tbody><\/table><\/figure>\n\n\n\n<p>LA VITALICIA SEGUROS Y REASEGUROS DE VIDA S. A. NIT-1020687029 T\/C 6.96<\/p>\n<\/details>\n<\/div>\n<\/div>\n<\/div>\n<\/div>\n<\/div>\n<\/div>\n<\/div>\n","protected":false},"excerpt":{"rendered":"<p>M\u00e9todos de pago Que servicios ofrecemos Puedes realizar tu pago a trav\u00e9s de las siguientes opciones: portal web, red multipagos, dep\u00f3sitos o transferencia bancaria, cobrador o pago en compa\u00f1\u00eda. Consultar<\/p>\n","protected":false},"author":1,"featured_media":0,"parent":0,"menu_order":0,"comment_status":"closed","ping_status":"closed","template":"","meta":{"footnotes":""},"class_list":["post-615","page","type-page","status-publish","hentry"],"_links":{"self":[{"href":"https:\/\/www.corresur.com.bo\/index.php?rest_route=\/wp\/v2\/pages\/615","targetHints":{"allow":["GET"]}}],"collection":[{"href":"https:\/\/www.corresur.com.bo\/index.php?rest_route=\/wp\/v2\/pages"}],"about":[{"href":"https:\/\/www.corresur.com.bo\/index.php?rest_route=\/wp\/v2\/types\/page"}],"author":[{"embeddable":true,"href":"https:\/\/www.corresur.com.bo\/index.php?rest_route=\/wp\/v2\/users\/1"}],"replies":[{"embeddable":true,"href":"https:\/\/www.corresur.com.bo\/index.php?rest_route=%2Fwp%2Fv2%2Fcomments&post=615"}],"version-history":[{"count":3,"href":"https:\/\/www.corresur.com.bo\/index.php?rest_route=\/wp\/v2\/pages\/615\/revisions"}],"predecessor-version":[{"id":706,"href":"https:\/\/www.corresur.com.bo\/index.php?rest_route=\/wp\/v2\/pages\/615\/revisions\/706"}],"wp:attachment":[{"href":"https:\/\/www.corresur.com.bo\/index.php?rest_route=%2Fwp%2Fv2%2Fmedia&parent=615"}],"curies":[{"name":"wp","href":"https:\/\/api.w.org\/{rel}","templated":true}]}}