{"id":38,"date":"2024-10-03T19:35:40","date_gmt":"2024-10-03T19:35:40","guid":{"rendered":"https:\/\/prueba.corresur.com.bo\/?page_id=38"},"modified":"2025-05-22T23:34:55","modified_gmt":"2025-05-22T23:34:55","slug":"productos","status":"publish","type":"page","link":"https:\/\/www.corresur.com.bo\/?page_id=38","title":{"rendered":"Productos"},"content":{"rendered":"\n<div class=\"wp-block-group is-layout-constrained wp-block-group-is-layout-constrained\"><\/div>\n\n\n\n<div class=\"wp-block-group is-layout-constrained wp-block-group-is-layout-constrained\">\n<p class=\"has-text-align-center\">Nos especializamos en una amplia variedad de seguros, tanto para personas como para empresas, actuando como intermediario entre el cliente y las aseguradoras, para as\u00ed encontrar las mejores soluciones adaptadas a sus necesidades. Estos seguros se dividen en las siguientes categor\u00edas:<\/p>\n\n\n\n<div class=\"wp-block-group is-layout-constrained wp-container-core-group-is-layout-79ca9124 wp-block-group-is-layout-constrained\">\n<div class=\"wp-block-columns is-layout-flex wp-container-core-columns-is-layout-28f84493 wp-block-columns-is-layout-flex\">\n<div class=\"wp-block-column is-layout-flow wp-block-column-is-layout-flow\">\n<div class=\"wp-block-columns is-layout-flex wp-container-core-columns-is-layout-28f84493 wp-block-columns-is-layout-flex\">\n<div class=\"wp-block-column is-layout-flow wp-block-column-is-layout-flow\">\n<div class=\"wp-block-columns is-layout-flex wp-container-core-columns-is-layout-28f84493 wp-block-columns-is-layout-flex\">\n<div class=\"wp-block-column is-layout-flow wp-block-column-is-layout-flow\">\n<figure class=\"wp-block-image size-full\"><img loading=\"lazy\" decoding=\"async\" width=\"2560\" height=\"1707\" src=\"https:\/\/corresur.com.bo\/wp-content\/uploads\/2024\/09\/MG_2046-1-scaled.jpg\" alt=\"\" class=\"wp-image-510\" style=\"object-fit:cover\" srcset=\"https:\/\/www.corresur.com.bo\/wp-content\/uploads\/2024\/09\/MG_2046-1-scaled.jpg 2560w, https:\/\/www.corresur.com.bo\/wp-content\/uploads\/2024\/09\/MG_2046-1-300x200.jpg 300w, https:\/\/www.corresur.com.bo\/wp-content\/uploads\/2024\/09\/MG_2046-1-1024x683.jpg 1024w, https:\/\/www.corresur.com.bo\/wp-content\/uploads\/2024\/09\/MG_2046-1-768x512.jpg 768w, https:\/\/www.corresur.com.bo\/wp-content\/uploads\/2024\/09\/MG_2046-1-1536x1024.jpg 1536w, https:\/\/www.corresur.com.bo\/wp-content\/uploads\/2024\/09\/MG_2046-1-2048x1365.jpg 2048w\" sizes=\"auto, (max-width: 2560px) 100vw, 2560px\" \/><\/figure>\n\n\n\n<h5 class=\"wp-block-heading has-text-color has-small-font-size\" style=\"color:#252425;margin-top:20px;margin-right:0px;margin-bottom:0px;margin-left:0px;font-style:normal;font-weight:500\">Seguros Generales<\/h5>\n\n\n\n<ul class=\"wp-block-list\">\n<li>Automotores<\/li>\n\n\n\n<li>Combinada Aeronavegaci\u00f3n<\/li>\n\n\n\n<li>Comprensiva 3D<\/li>\n\n\n\n<li>Comprensiva Bancaria BBB<\/li>\n\n\n\n<li>Multirriesgo<\/li>\n\n\n\n<li>Todo Riesgo de Da\u00f1os a la Propiedad<\/li>\n\n\n\n<li>Todo Riesgo de Montaje<\/li>\n\n\n\n<li>Equipo y Maquinaria de Contratista<\/li>\n\n\n\n<li>Todo Riesgo de Construcci\u00f3n<\/li>\n\n\n\n<li>Todo Riesgo Equipo Pesado M\u00f3vil<\/li>\n\n\n\n<li>Rotura de Maquinaria<\/li>\n\n\n\n<li>Responsabilidad Civil<\/li>\n\n\n\n<li>Responsabilidad Civil del Transportador Carretero<\/li>\n\n\n\n<li>Responsabilidad Civil General<\/li>\n\n\n\n<li>Responsabilidad Civil para Directores y Oficiales <\/li>\n\n\n\n<li>Responsabilidad Civil Profesional<\/li>\n\n\n\n<li>Transportes<\/li>\n\n\n\n<li>Seguro de contenedores<\/li>\n<\/ul>\n\n\n\n<div class=\"wp-block-buttons is-content-justification-left is-layout-flex wp-container-core-buttons-is-layout-fc4fd283 wp-block-buttons-is-layout-flex\">\n<div class=\"wp-block-button is-style-custombuttonfill is-style-custombuttontwo\"><a class=\"wp-block-button__link has-secondary-color has-text-color has-background has-helvetica-arial-font-family has-custom-font-size wp-element-button\" href=\"https:\/\/corresur.com.bo\/?page_id=129\" style=\"background-color:#ffbc0300;padding-top:0px;padding-right:0px;padding-bottom:0px;padding-left:0px;font-size:14px\" target=\"_blank\" rel=\"noreferrer noopener\">Consultar<\/a><\/div>\n<\/div>\n<\/div>\n<\/div>\n<\/div>\n\n\n\n<div class=\"wp-block-column is-layout-flow wp-block-column-is-layout-flow\">\n<figure class=\"wp-block-image size-large\"><img loading=\"lazy\" decoding=\"async\" width=\"1024\" height=\"681\" src=\"https:\/\/corresur.com.bo\/wp-content\/uploads\/2024\/09\/crrsrstok1-7-1-1024x681.jpg\" alt=\"\" class=\"wp-image-503\" style=\"object-fit:cover\" srcset=\"https:\/\/www.corresur.com.bo\/wp-content\/uploads\/2024\/09\/crrsrstok1-7-1-1024x681.jpg 1024w, https:\/\/www.corresur.com.bo\/wp-content\/uploads\/2024\/09\/crrsrstok1-7-1-300x200.jpg 300w, https:\/\/www.corresur.com.bo\/wp-content\/uploads\/2024\/09\/crrsrstok1-7-1-768x511.jpg 768w, https:\/\/www.corresur.com.bo\/wp-content\/uploads\/2024\/09\/crrsrstok1-7-1-1536x1022.jpg 1536w, https:\/\/www.corresur.com.bo\/wp-content\/uploads\/2024\/09\/crrsrstok1-7-1-2048x1363.jpg 2048w\" sizes=\"auto, (max-width: 1024px) 100vw, 1024px\" \/><\/figure>\n\n\n\n<h5 class=\"wp-block-heading has-text-color has-small-font-size\" style=\"color:#252425;margin-top:20px;margin-right:0px;margin-bottom:0px;margin-left:0px;font-style:normal;font-weight:500\">Seguros de Personas<\/h5>\n\n\n\n<ul class=\"wp-block-list\">\n<li>Accidentes Personales<\/li>\n\n\n\n<li>Asistencia M\u00e9dica<\/li>\n\n\n\n<li>Vida Individual Corto Plazo<\/li>\n\n\n\n<li>Vida Individual Largo Plazo<\/li>\n\n\n\n<li>Desgravamen Hipotecario Corto Plazo<\/li>\n\n\n\n<li>Vida en Grupo Corto Plazo<\/li>\n<\/ul>\n\n\n\n<div class=\"wp-block-buttons is-content-justification-left is-layout-flex wp-container-core-buttons-is-layout-fc4fd283 wp-block-buttons-is-layout-flex\">\n<div class=\"wp-block-button is-style-custombuttonfill  is-style-custombuttontwo\"><a class=\"wp-block-button__link has-secondary-color has-text-color has-background has-helvetica-arial-font-family has-custom-font-size wp-element-button\" href=\"https:\/\/corresur.com.bo\/?page_id=127\" style=\"background-color:#ffbc0300;padding-top:0px;padding-right:0px;padding-bottom:0px;padding-left:0px;font-size:14px\" target=\"_blank\" rel=\"noreferrer noopener\">Consultar<\/a><\/div>\n<\/div>\n<\/div>\n\n\n\n<div class=\"wp-block-column is-layout-flow wp-block-column-is-layout-flow\">\n<figure class=\"wp-block-image size-large\"><img loading=\"lazy\" decoding=\"async\" width=\"1024\" height=\"681\" src=\"https:\/\/corresur.com.bo\/wp-content\/uploads\/2024\/09\/crrsrstok1-23-1024x681.jpg\" alt=\"\" class=\"wp-image-504\" srcset=\"https:\/\/www.corresur.com.bo\/wp-content\/uploads\/2024\/09\/crrsrstok1-23-1024x681.jpg 1024w, https:\/\/www.corresur.com.bo\/wp-content\/uploads\/2024\/09\/crrsrstok1-23-300x200.jpg 300w, https:\/\/www.corresur.com.bo\/wp-content\/uploads\/2024\/09\/crrsrstok1-23-768x511.jpg 768w, https:\/\/www.corresur.com.bo\/wp-content\/uploads\/2024\/09\/crrsrstok1-23-1536x1022.jpg 1536w, https:\/\/www.corresur.com.bo\/wp-content\/uploads\/2024\/09\/crrsrstok1-23-2048x1363.jpg 2048w\" sizes=\"auto, (max-width: 1024px) 100vw, 1024px\" \/><\/figure>\n\n\n\n<h5 class=\"wp-block-heading has-text-color has-small-font-size\" style=\"color:#252425;margin-top:20px;margin-right:0px;margin-bottom:0px;margin-left:0px;font-style:normal;font-weight:500\">Seguro de Cauci\u00f3n o Fianza<\/h5>\n\n\n\n<ul class=\"wp-block-list\">\n<li>Agencias y Agentes Despachantes de Aduana<\/li>\n\n\n\n<li>Buena Ejecuci\u00f3n de Obra<\/li>\n\n\n\n<li>Cauci\u00f3n Calificada<\/li>\n\n\n\n<li>Consolidadores y Desconsolidadores<\/li>\n\n\n\n<li>Correcta Inversi\u00f3n de Anticipos<\/li>\n\n\n\n<li>Cumplimiento Contrato de Obra<\/li>\n\n\n\n<li>Cumplimiento Contrato de Servicios<\/li>\n\n\n\n<li>Cumplimiento Contrato de Suministros<\/li>\n\n\n\n<li>Buena Ejecuci\u00f3n de Transporte<\/li>\n\n\n\n<li>Cumplimiento Obligaciones Aduaneras Empresas de Servicio Expreso<\/li>\n\n\n\n<li>Funcionamiento de Maquinaria y\/o Equipo para Entidades P\u00fablicas<\/li>\n\n\n\n<li>Seriedad de Propuesta<\/li>\n<\/ul>\n\n\n\n<div class=\"wp-block-buttons is-content-justification-left is-layout-flex wp-container-core-buttons-is-layout-fc4fd283 wp-block-buttons-is-layout-flex\">\n<div class=\"wp-block-button is-style-custombuttonfill is-style-custombuttontwo\"><a class=\"wp-block-button__link has-secondary-color has-text-color has-background has-helvetica-arial-font-family has-custom-font-size wp-element-button\" href=\"https:\/\/corresur.com.bo\/?page_id=125\" style=\"background-color:#ffbc0300;padding-top:0px;padding-right:0px;padding-bottom:0px;padding-left:0px;font-size:14px\" target=\"_blank\" rel=\"noreferrer noopener\">Consultar<\/a><\/div>\n<\/div>\n<\/div>\n<\/div>\n<\/div>\n<\/div>\n<\/div>\n<\/div>\n\n\n\n<p><\/p>\n","protected":false},"excerpt":{"rendered":"<p>Nos especializamos en una amplia variedad de seguros, tanto para personas como para empresas, actuando como intermediario entre el cliente y las aseguradoras, para as\u00ed encontrar las mejores soluciones adaptadas a sus necesidades. Estos seguros se dividen en las siguientes categor\u00edas: Seguros Generales Seguros de Personas Seguro de Cauci\u00f3n o Fianza<\/p>\n","protected":false},"author":1,"featured_media":0,"parent":0,"menu_order":0,"comment_status":"closed","ping_status":"closed","template":"","meta":{"footnotes":""},"class_list":["post-38","page","type-page","status-publish","hentry"],"_links":{"self":[{"href":"https:\/\/www.corresur.com.bo\/index.php?rest_route=\/wp\/v2\/pages\/38","targetHints":{"allow":["GET"]}}],"collection":[{"href":"https:\/\/www.corresur.com.bo\/index.php?rest_route=\/wp\/v2\/pages"}],"about":[{"href":"https:\/\/www.corresur.com.bo\/index.php?rest_route=\/wp\/v2\/types\/page"}],"author":[{"embeddable":true,"href":"https:\/\/www.corresur.com.bo\/index.php?rest_route=\/wp\/v2\/users\/1"}],"replies":[{"embeddable":true,"href":"https:\/\/www.corresur.com.bo\/index.php?rest_route=%2Fwp%2Fv2%2Fcomments&post=38"}],"version-history":[{"count":5,"href":"https:\/\/www.corresur.com.bo\/index.php?rest_route=\/wp\/v2\/pages\/38\/revisions"}],"predecessor-version":[{"id":703,"href":"https:\/\/www.corresur.com.bo\/index.php?rest_route=\/wp\/v2\/pages\/38\/revisions\/703"}],"wp:attachment":[{"href":"https:\/\/www.corresur.com.bo\/index.php?rest_route=%2Fwp%2Fv2%2Fmedia&parent=38"}],"curies":[{"name":"wp","href":"https:\/\/api.w.org\/{rel}","templated":true}]}}