{"id":294,"date":"2024-12-27T17:17:30","date_gmt":"2024-12-27T17:17:30","guid":{"rendered":"https:\/\/prueba.corresur.com.bo\/?page_id=294"},"modified":"2025-05-22T23:32:36","modified_gmt":"2025-05-22T23:32:36","slug":"nacional-vida","status":"publish","type":"page","link":"https:\/\/www.corresur.com.bo\/?page_id=294","title":{"rendered":"Nacional Vida"},"content":{"rendered":"\n<div class=\"wp-block-group is-layout-constrained wp-container-core-group-is-layout-a6db6f11 wp-block-group-is-layout-constrained\" style=\"padding-top:100px;padding-bottom:100px\">\n<div class=\"wp-block-columns is-layout-flex wp-container-core-columns-is-layout-28f84493 wp-block-columns-is-layout-flex\">\n<div class=\"wp-block-column is-layout-flow wp-block-column-is-layout-flow\">\n<div class=\"wp-block-group is-layout-flow wp-block-group-is-layout-flow\" style=\"margin-bottom:45px\">\n<div class=\"wp-block-columns is-layout-flex wp-container-core-columns-is-layout-28f84493 wp-block-columns-is-layout-flex\">\n<div class=\"wp-block-column is-vertically-aligned-bottom is-layout-flow wp-block-column-is-layout-flow\">\n<h5 class=\"wp-block-heading accountra-animate accountra-move-right accountra-delay-3 has-secondary-color has-text-color has-small-font-size\" style=\"font-style:normal;font-weight:500\">M\u00e9todos de pago<\/h5>\n\n\n\n<h2 class=\"wp-block-heading accountra-animate accountra-move-right accountra-delay-5 has-text-color\" style=\"color:#252425;font-size:32px;font-style:normal;font-weight:500\">Que servicios ofrecemos<\/h2>\n<\/div>\n\n\n\n<div class=\"wp-block-column is-vertically-aligned-bottom is-layout-flow wp-block-column-is-layout-flow\" style=\"flex-basis:500px\">\n<p class=\"accountra-animate accountra-move-up accountra-delay-5 has-forth-color has-text-color has-tiny-font-size\" style=\"font-style:normal;font-weight:300\">Puedes realizar tu pago a trav\u00e9s de las siguientes opciones: c\u00f3digo QR, Red Multipagos, portal web, cobrador, pago en compa\u00f1\u00eda, dep\u00f3sitos o transferencia bancaria, LUKA o acerc\u00e1ndote a cualquiera de los puntos habilitados para pagos.<\/p>\n\n\n\n<p><a href=\"https:\/\/nacionalseguros.com.bo\/medios-de-pago\">Consultar<\/a><\/p>\n<\/div>\n\n\n\n<div class=\"wp-block-column is-vertically-aligned-bottom is-layout-flow wp-block-column-is-layout-flow\" style=\"flex-basis:200px\">\n<div class=\"wp-block-buttons is-content-justification-right is-layout-flex wp-container-core-buttons-is-layout-d445cf74 wp-block-buttons-is-layout-flex\"><\/div>\n<\/div>\n<\/div>\n<\/div>\n\n\n\n<div class=\"wp-block-columns is-layout-flex wp-container-core-columns-is-layout-28f84493 wp-block-columns-is-layout-flex\">\n<div class=\"wp-block-column is-layout-flow wp-block-column-is-layout-flow\" style=\"padding-right:10px\">\n<figure class=\"wp-block-image alignleft size-full is-resized has-custom-border is-style-default\" style=\"margin-top:0;margin-bottom:0\"><img loading=\"lazy\" decoding=\"async\" width=\"2048\" height=\"2048\" src=\"https:\/\/corresur.com.bo\/wp-content\/uploads\/2025\/04\/Nacional-2.jpg\" alt=\"\" class=\"wp-image-594\" style=\"border-radius:8px;width:389px;height:auto\" srcset=\"https:\/\/www.corresur.com.bo\/wp-content\/uploads\/2025\/04\/Nacional-2.jpg 2048w, https:\/\/www.corresur.com.bo\/wp-content\/uploads\/2025\/04\/Nacional-2-300x300.jpg 300w, https:\/\/www.corresur.com.bo\/wp-content\/uploads\/2025\/04\/Nacional-2-1024x1024.jpg 1024w, https:\/\/www.corresur.com.bo\/wp-content\/uploads\/2025\/04\/Nacional-2-150x150.jpg 150w, https:\/\/www.corresur.com.bo\/wp-content\/uploads\/2025\/04\/Nacional-2-768x768.jpg 768w, https:\/\/www.corresur.com.bo\/wp-content\/uploads\/2025\/04\/Nacional-2-1536x1536.jpg 1536w\" sizes=\"auto, (max-width: 2048px) 100vw, 2048px\" \/><\/figure>\n<\/div>\n\n\n\n<div class=\"wp-block-column is-vertically-aligned-center is-layout-flow wp-block-column-is-layout-flow\">\n<div class=\"wp-block-columns are-vertically-aligned-top is-layout-flex wp-container-core-columns-is-layout-28f84493 wp-block-columns-is-layout-flex\">\n<div class=\"wp-block-column is-vertically-aligned-top is-layout-flow wp-block-column-is-layout-flow\">\n<details class=\"wp-block-details is-layout-flow wp-block-details-is-layout-flow\" open><summary>Detalle de cuentas bancarias<\/summary>\n<figure class=\"wp-block-table is-style-regular\"><table class=\"has-fixed-layout\"><thead><tr><th><strong>BANCO<\/strong><\/th><th>$<strong>US<\/strong>.<\/th><th><strong>Bs.<\/strong><\/th><\/tr><\/thead><tbody><tr><td><em>BANCO NACIONAL DE BOLIVIA<\/em><\/td><td><em>240-0072917<\/em><\/td><td><em>200-0107851<\/em><\/td><\/tr><tr><td><em>PRODEM<\/em><\/td><td><em>611-2-2-03135-6<\/em><\/td><td><em>611-2-1-11730-3<\/em><\/td><\/tr><tr><td><em>BANCO DE CREDITO<\/em><\/td><td><em>701-5019030-2-00<\/em><\/td><td><em>701-5017395-3-94<\/em><\/td><\/tr><tr><td><em>BANCO UNI\u00d3N<\/em><\/td><td><em>21993761<\/em><\/td><td><em>1791207<\/em><\/td><\/tr><tr><td><em>BANCO MERCANTIL<\/em><\/td><td><em>4010603211<\/em><\/td><td><\/td><\/tr><tr><td><em>BANCO ECONOMICO<\/em><\/td><td>1042-216970<\/td><td><\/td><\/tr><\/tbody><\/table><\/figure>\n\n\n\n<p>NACIONAL SEGUROS VIDA Y SALUD S.A. NIT \u2013 1028483024 T7C 6.96<\/p>\n<\/details>\n<\/div>\n<\/div>\n<\/div>\n<\/div>\n<\/div>\n<\/div>\n<\/div>\n","protected":false},"excerpt":{"rendered":"<p>M\u00e9todos de pago Que servicios ofrecemos Puedes realizar tu pago a trav\u00e9s de las siguientes opciones: c\u00f3digo QR, Red Multipagos, portal web, cobrador, pago en compa\u00f1\u00eda, dep\u00f3sitos o transferencia bancaria, LUKA o acerc\u00e1ndote a cualquiera de los puntos habilitados para pagos. Consultar<\/p>\n","protected":false},"author":1,"featured_media":0,"parent":0,"menu_order":0,"comment_status":"closed","ping_status":"closed","template":"","meta":{"footnotes":""},"class_list":["post-294","page","type-page","status-publish","hentry"],"_links":{"self":[{"href":"https:\/\/www.corresur.com.bo\/index.php?rest_route=\/wp\/v2\/pages\/294","targetHints":{"allow":["GET"]}}],"collection":[{"href":"https:\/\/www.corresur.com.bo\/index.php?rest_route=\/wp\/v2\/pages"}],"about":[{"href":"https:\/\/www.corresur.com.bo\/index.php?rest_route=\/wp\/v2\/types\/page"}],"author":[{"embeddable":true,"href":"https:\/\/www.corresur.com.bo\/index.php?rest_route=\/wp\/v2\/users\/1"}],"replies":[{"embeddable":true,"href":"https:\/\/www.corresur.com.bo\/index.php?rest_route=%2Fwp%2Fv2%2Fcomments&post=294"}],"version-history":[{"count":5,"href":"https:\/\/www.corresur.com.bo\/index.php?rest_route=\/wp\/v2\/pages\/294\/revisions"}],"predecessor-version":[{"id":700,"href":"https:\/\/www.corresur.com.bo\/index.php?rest_route=\/wp\/v2\/pages\/294\/revisions\/700"}],"wp:attachment":[{"href":"https:\/\/www.corresur.com.bo\/index.php?rest_route=%2Fwp%2Fv2%2Fmedia&parent=294"}],"curies":[{"name":"wp","href":"https:\/\/api.w.org\/{rel}","templated":true}]}}