{"id":292,"date":"2024-12-27T17:17:12","date_gmt":"2024-12-27T17:17:12","guid":{"rendered":"https:\/\/prueba.corresur.com.bo\/?page_id=292"},"modified":"2025-05-22T23:32:14","modified_gmt":"2025-05-22T23:32:14","slug":"nacional-patrimoniales","status":"publish","type":"page","link":"https:\/\/www.corresur.com.bo\/?page_id=292","title":{"rendered":"Nacional Patrimoniales"},"content":{"rendered":"\n<div class=\"wp-block-group is-layout-constrained wp-container-core-group-is-layout-a6db6f11 wp-block-group-is-layout-constrained\" style=\"padding-top:100px;padding-bottom:100px\">\n<div class=\"wp-block-columns is-layout-flex wp-container-core-columns-is-layout-28f84493 wp-block-columns-is-layout-flex\">\n<div class=\"wp-block-column is-layout-flow wp-block-column-is-layout-flow\">\n<div class=\"wp-block-group is-layout-flow wp-block-group-is-layout-flow\" style=\"margin-bottom:45px\">\n<div class=\"wp-block-columns is-layout-flex wp-container-core-columns-is-layout-28f84493 wp-block-columns-is-layout-flex\">\n<div class=\"wp-block-column is-vertically-aligned-bottom is-layout-flow wp-block-column-is-layout-flow\">\n<h5 class=\"wp-block-heading accountra-animate accountra-move-right accountra-delay-3 has-secondary-color has-text-color has-small-font-size\" style=\"font-style:normal;font-weight:500\">M\u00e9todos de pago<\/h5>\n\n\n\n<h2 class=\"wp-block-heading accountra-animate accountra-move-right accountra-delay-5 has-text-color\" style=\"color:#252425;font-size:32px;font-style:normal;font-weight:500\">Que servicios ofrecemos<\/h2>\n<\/div>\n\n\n\n<div class=\"wp-block-column is-vertically-aligned-bottom is-layout-flow wp-block-column-is-layout-flow\" style=\"flex-basis:500px\">\n<p class=\"accountra-animate accountra-move-up accountra-delay-5 has-forth-color has-text-color has-tiny-font-size\" style=\"font-style:normal;font-weight:300\">Puedes realizar el pago de manera online mediante; QR, RED MULTIPAGOS, portal web, pago en compa\u00f1\u00eda, dep\u00f3sitos o transferencia,  o solicitar un cobrador que coordinar\u00e1 contigo el horario m\u00e1s conveniente.<\/p>\n\n\n\n<p><a href=\"https:\/\/nacionalseguros.com.bo\/medios-de-pago\">Consultar<\/a><\/p>\n<\/div>\n\n\n\n<div class=\"wp-block-column is-vertically-aligned-bottom is-layout-flow wp-block-column-is-layout-flow\" style=\"flex-basis:200px\">\n<div class=\"wp-block-buttons is-content-justification-right is-layout-flex wp-container-core-buttons-is-layout-d445cf74 wp-block-buttons-is-layout-flex\"><\/div>\n<\/div>\n<\/div>\n<\/div>\n\n\n\n<div class=\"wp-block-columns is-layout-flex wp-container-core-columns-is-layout-28f84493 wp-block-columns-is-layout-flex\">\n<div class=\"wp-block-column is-layout-flow wp-block-column-is-layout-flow\" style=\"padding-right:10px\">\n<figure class=\"wp-block-image alignleft size-full is-resized has-custom-border is-style-default\" style=\"margin-top:0;margin-bottom:0\"><img loading=\"lazy\" decoding=\"async\" width=\"2048\" height=\"2048\" src=\"https:\/\/corresur.com.bo\/wp-content\/uploads\/2025\/04\/Nacional-2.jpg\" alt=\"\" class=\"wp-image-594\" style=\"border-radius:8px;width:393px;height:auto\" srcset=\"https:\/\/www.corresur.com.bo\/wp-content\/uploads\/2025\/04\/Nacional-2.jpg 2048w, https:\/\/www.corresur.com.bo\/wp-content\/uploads\/2025\/04\/Nacional-2-300x300.jpg 300w, https:\/\/www.corresur.com.bo\/wp-content\/uploads\/2025\/04\/Nacional-2-1024x1024.jpg 1024w, https:\/\/www.corresur.com.bo\/wp-content\/uploads\/2025\/04\/Nacional-2-150x150.jpg 150w, https:\/\/www.corresur.com.bo\/wp-content\/uploads\/2025\/04\/Nacional-2-768x768.jpg 768w, https:\/\/www.corresur.com.bo\/wp-content\/uploads\/2025\/04\/Nacional-2-1536x1536.jpg 1536w\" sizes=\"auto, (max-width: 2048px) 100vw, 2048px\" \/><\/figure>\n<\/div>\n\n\n\n<div class=\"wp-block-column is-vertically-aligned-center is-layout-flow wp-block-column-is-layout-flow\">\n<div class=\"wp-block-columns are-vertically-aligned-top is-layout-flex wp-container-core-columns-is-layout-28f84493 wp-block-columns-is-layout-flex\">\n<div class=\"wp-block-column is-vertically-aligned-top is-layout-flow wp-block-column-is-layout-flow\">\n<details class=\"wp-block-details is-layout-flow wp-block-details-is-layout-flow\" open><summary>Detalle de cuentas bancarias<\/summary>\n<figure class=\"wp-block-table is-style-regular\"><table class=\"has-fixed-layout\"><thead><tr><th><strong>BANCO<\/strong><\/th><th>$<strong>US<\/strong>.<\/th><th><strong>Bs.<\/strong><\/th><\/tr><\/thead><tbody><tr><td>BANCO NACIONAL DE BOLIVIA<\/td><td>240-0094627<\/td><td>200-0118357<\/td><\/tr><tr><td>BANCO BISA<\/td><td>212-5982011<\/td><td>212-5980018<\/td><\/tr><tr><td>BANCO DE CREDITO<\/td><td>701-5048033-2-59<\/td><td>701-5047023-3-67<\/td><\/tr><tr><td>BANCO ECONOMICO<\/td><td>1042-256475<\/td><td>1041-256480<\/td><\/tr><tr><td>BANCO MERCANTIL<\/td><td>401-0861334<\/td><td>401-0861327<\/td><\/tr><tr><td>BANCO PRODEM<\/td><td>611-2-2-06740-07<\/td><td>611-2-1-12054-1<\/td><\/tr><tr><td>BANCO UNION<\/td><td><\/td><td>15539826<\/td><\/tr><\/tbody><\/table><\/figure>\n\n\n\n<p>NACIONAL SEGUROS PATRIMONIALES Y FIANZAS S. A. NIT &#8211; 145776027<\/p>\n<\/details>\n<\/div>\n<\/div>\n<\/div>\n<\/div>\n<\/div>\n<\/div>\n<\/div>\n","protected":false},"excerpt":{"rendered":"<p>M\u00e9todos de pago Que servicios ofrecemos Puedes realizar el pago de manera online mediante; QR, RED MULTIPAGOS, portal web, pago en compa\u00f1\u00eda, dep\u00f3sitos o transferencia, o solicitar un cobrador que coordinar\u00e1 contigo el horario m\u00e1s conveniente. Consultar<\/p>\n","protected":false},"author":1,"featured_media":0,"parent":0,"menu_order":0,"comment_status":"closed","ping_status":"closed","template":"","meta":{"footnotes":""},"class_list":["post-292","page","type-page","status-publish","hentry"],"_links":{"self":[{"href":"https:\/\/www.corresur.com.bo\/index.php?rest_route=\/wp\/v2\/pages\/292","targetHints":{"allow":["GET"]}}],"collection":[{"href":"https:\/\/www.corresur.com.bo\/index.php?rest_route=\/wp\/v2\/pages"}],"about":[{"href":"https:\/\/www.corresur.com.bo\/index.php?rest_route=\/wp\/v2\/types\/page"}],"author":[{"embeddable":true,"href":"https:\/\/www.corresur.com.bo\/index.php?rest_route=\/wp\/v2\/users\/1"}],"replies":[{"embeddable":true,"href":"https:\/\/www.corresur.com.bo\/index.php?rest_route=%2Fwp%2Fv2%2Fcomments&post=292"}],"version-history":[{"count":5,"href":"https:\/\/www.corresur.com.bo\/index.php?rest_route=\/wp\/v2\/pages\/292\/revisions"}],"predecessor-version":[{"id":699,"href":"https:\/\/www.corresur.com.bo\/index.php?rest_route=\/wp\/v2\/pages\/292\/revisions\/699"}],"wp:attachment":[{"href":"https:\/\/www.corresur.com.bo\/index.php?rest_route=%2Fwp%2Fv2%2Fmedia&parent=292"}],"curies":[{"name":"wp","href":"https:\/\/api.w.org\/{rel}","templated":true}]}}