{"id":288,"date":"2024-12-27T17:16:32","date_gmt":"2024-12-27T17:16:32","guid":{"rendered":"https:\/\/prueba.corresur.com.bo\/?page_id=288"},"modified":"2025-05-22T23:29:42","modified_gmt":"2025-05-22T23:29:42","slug":"la-boliviana-ciacruz","status":"publish","type":"page","link":"https:\/\/www.corresur.com.bo\/?page_id=288","title":{"rendered":"La Boliviana Ciacruz"},"content":{"rendered":"\n<div class=\"wp-block-group is-layout-constrained wp-container-core-group-is-layout-a6db6f11 wp-block-group-is-layout-constrained\" style=\"padding-top:100px;padding-bottom:100px\">\n<div class=\"wp-block-columns is-layout-flex wp-container-core-columns-is-layout-28f84493 wp-block-columns-is-layout-flex\">\n<div class=\"wp-block-column is-layout-flow wp-block-column-is-layout-flow\">\n<div class=\"wp-block-group is-layout-flow wp-block-group-is-layout-flow\" style=\"margin-bottom:45px\">\n<div class=\"wp-block-columns is-layout-flex wp-container-core-columns-is-layout-28f84493 wp-block-columns-is-layout-flex\">\n<div class=\"wp-block-column is-vertically-aligned-bottom is-layout-flow wp-block-column-is-layout-flow\">\n<h5 class=\"wp-block-heading accountra-animate accountra-move-right accountra-delay-3 has-secondary-color has-text-color has-small-font-size\" style=\"font-style:normal;font-weight:500\">M\u00e9todos de pago<\/h5>\n\n\n\n<h2 class=\"wp-block-heading accountra-animate accountra-move-right accountra-delay-5 has-text-color\" style=\"color:#252425;font-size:32px;font-style:normal;font-weight:500\">Que servicios ofrecemos<\/h2>\n<\/div>\n\n\n\n<div class=\"wp-block-column is-vertically-aligned-bottom is-layout-flow wp-block-column-is-layout-flow\" style=\"flex-basis:500px\">\n<p class=\"accountra-animate accountra-move-up accountra-delay-5 has-forth-color has-text-color has-tiny-font-size\" style=\"font-style:normal;font-weight:300\">Puedes realizar el pago de manera online mediante; Luka, Punstos habilitados p\/ pago, portal web, pago en compa\u00f1ia, depositos o transferencia o solicitar un cobrador que coordinar\u00e1 contigo el horario m\u00e1s conveniente.<\/p>\n\n\n\n<p><a href=\"https:\/\/lbcdigital.lbc.bo\/lbconline\/#\/login-user\">Consultar<\/a><\/p>\n<\/div>\n\n\n\n<div class=\"wp-block-column is-vertically-aligned-bottom is-layout-flow wp-block-column-is-layout-flow\" style=\"flex-basis:200px\">\n<div class=\"wp-block-buttons is-content-justification-right is-layout-flex wp-container-core-buttons-is-layout-d445cf74 wp-block-buttons-is-layout-flex\"><\/div>\n<\/div>\n<\/div>\n<\/div>\n\n\n\n<div class=\"wp-block-columns is-layout-flex wp-container-core-columns-is-layout-28f84493 wp-block-columns-is-layout-flex\">\n<div class=\"wp-block-column is-layout-flow wp-block-column-is-layout-flow\" style=\"padding-right:10px\">\n<figure class=\"wp-block-image alignleft size-full is-resized has-custom-border is-style-default\" style=\"margin-top:0;margin-bottom:0\"><img loading=\"lazy\" decoding=\"async\" width=\"1417\" height=\"713\" src=\"https:\/\/corresur.com.bo\/wp-content\/uploads\/2025\/04\/logo-LBC.png\" alt=\"\" class=\"wp-image-538\" style=\"border-radius:8px;width:745px;height:auto\" srcset=\"https:\/\/www.corresur.com.bo\/wp-content\/uploads\/2025\/04\/logo-LBC.png 1417w, https:\/\/www.corresur.com.bo\/wp-content\/uploads\/2025\/04\/logo-LBC-300x151.png 300w, https:\/\/www.corresur.com.bo\/wp-content\/uploads\/2025\/04\/logo-LBC-1024x515.png 1024w, https:\/\/www.corresur.com.bo\/wp-content\/uploads\/2025\/04\/logo-LBC-768x386.png 768w\" sizes=\"auto, (max-width: 1417px) 100vw, 1417px\" \/><\/figure>\n<\/div>\n\n\n\n<div class=\"wp-block-column is-vertically-aligned-center is-layout-flow wp-block-column-is-layout-flow\">\n<div class=\"wp-block-columns are-vertically-aligned-top is-layout-flex wp-container-core-columns-is-layout-28f84493 wp-block-columns-is-layout-flex\">\n<div class=\"wp-block-column is-vertically-aligned-top is-layout-flow wp-block-column-is-layout-flow\">\n<details class=\"wp-block-details is-layout-flow wp-block-details-is-layout-flow\" open><summary>Detalle de cuentas bancarias<\/summary>\n<figure class=\"wp-block-table is-style-regular\"><table class=\"has-fixed-layout\"><thead><tr><th><strong>BANCO<\/strong><\/th><th>$<strong>US<\/strong>.<\/th><th><strong>Bs.<\/strong><\/th><\/tr><\/thead><tbody><tr><td><em>BANCO DE CREDITO<\/em><\/td><td><em>201-5009774-2-99<\/em><\/td><td><em>201-5009058-3-77<\/em><\/td><\/tr><tr><td>BANCO NACIONAL DE BOLIVIA<\/td><td><em>140-0067089<\/em><\/td><td>100-0245840<\/td><\/tr><tr><td>BANCO MERCANTIL SCZ<\/td><td>40-100-99282<\/td><td><em>40-100-82144<\/em><\/td><\/tr><tr><td>BANCO BISA<\/td><td>40072012<\/td><td><\/td><\/tr><tr><td><em>BANCO UNION<\/em><\/td><td><\/td><td><em>1-8608735<\/em><\/td><\/tr><tr><td><em>BANCO ECONOMICO<\/em><\/td><td><em>2042044496<\/em><\/td><td><\/td><\/tr><tr><td><em>BANCO GANADERO<\/em><\/td><td><em>2042-034726<\/em><\/td><td><\/td><\/tr><\/tbody><\/table><\/figure>\n\n\n\n<p>LA BOLIVIANA CIACRUZ DE SEGUROS Y REASEGUROS S.A. NIT 1007017028 T\/C 6.96<\/p>\n<\/details>\n<\/div>\n<\/div>\n<\/div>\n<\/div>\n<\/div>\n<\/div>\n<\/div>\n","protected":false},"excerpt":{"rendered":"<p>M\u00e9todos de pago Que servicios ofrecemos Puedes realizar el pago de manera online mediante; Luka, Punstos habilitados p\/ pago, portal web, pago en compa\u00f1ia, depositos o transferencia o solicitar un cobrador que coordinar\u00e1 contigo el horario m\u00e1s conveniente. Consultar<\/p>\n","protected":false},"author":1,"featured_media":0,"parent":0,"menu_order":0,"comment_status":"closed","ping_status":"closed","template":"","meta":{"footnotes":""},"class_list":["post-288","page","type-page","status-publish","hentry"],"_links":{"self":[{"href":"https:\/\/www.corresur.com.bo\/index.php?rest_route=\/wp\/v2\/pages\/288","targetHints":{"allow":["GET"]}}],"collection":[{"href":"https:\/\/www.corresur.com.bo\/index.php?rest_route=\/wp\/v2\/pages"}],"about":[{"href":"https:\/\/www.corresur.com.bo\/index.php?rest_route=\/wp\/v2\/types\/page"}],"author":[{"embeddable":true,"href":"https:\/\/www.corresur.com.bo\/index.php?rest_route=\/wp\/v2\/users\/1"}],"replies":[{"embeddable":true,"href":"https:\/\/www.corresur.com.bo\/index.php?rest_route=%2Fwp%2Fv2%2Fcomments&post=288"}],"version-history":[{"count":5,"href":"https:\/\/www.corresur.com.bo\/index.php?rest_route=\/wp\/v2\/pages\/288\/revisions"}],"predecessor-version":[{"id":696,"href":"https:\/\/www.corresur.com.bo\/index.php?rest_route=\/wp\/v2\/pages\/288\/revisions\/696"}],"wp:attachment":[{"href":"https:\/\/www.corresur.com.bo\/index.php?rest_route=%2Fwp%2Fv2%2Fmedia&parent=288"}],"curies":[{"name":"wp","href":"https:\/\/api.w.org\/{rel}","templated":true}]}}