{"id":279,"date":"2024-12-27T16:50:33","date_gmt":"2024-12-27T16:50:33","guid":{"rendered":"https:\/\/prueba.corresur.com.bo\/?page_id=279"},"modified":"2025-05-22T23:27:15","modified_gmt":"2025-05-22T23:27:15","slug":"credinform","status":"publish","type":"page","link":"https:\/\/www.corresur.com.bo\/?page_id=279","title":{"rendered":"CREDINFORM INTERNATIONAL S.A."},"content":{"rendered":"\n<div class=\"wp-block-group is-layout-constrained wp-container-core-group-is-layout-a6db6f11 wp-block-group-is-layout-constrained\" style=\"padding-top:100px;padding-bottom:100px\">\n<div class=\"wp-block-columns is-layout-flex wp-container-core-columns-is-layout-28f84493 wp-block-columns-is-layout-flex\">\n<div class=\"wp-block-column is-layout-flow wp-block-column-is-layout-flow\">\n<div class=\"wp-block-group is-layout-flow wp-block-group-is-layout-flow\" style=\"margin-bottom:45px\">\n<div class=\"wp-block-columns is-layout-flex wp-container-core-columns-is-layout-28f84493 wp-block-columns-is-layout-flex\">\n<div class=\"wp-block-column is-vertically-aligned-bottom is-layout-flow wp-block-column-is-layout-flow\">\n<h5 class=\"wp-block-heading accountra-animate accountra-move-right accountra-delay-3 has-secondary-color has-text-color has-small-font-size\" style=\"font-style:normal;font-weight:500\">M\u00e9todos de pago<\/h5>\n\n\n\n<h2 class=\"wp-block-heading accountra-animate accountra-move-right accountra-delay-5 has-text-color\" style=\"color:#252425;font-size:32px;font-style:normal;font-weight:500\">Que servicios ofrecemos<\/h2>\n<\/div>\n\n\n\n<div class=\"wp-block-column is-vertically-aligned-bottom is-layout-flow wp-block-column-is-layout-flow\" style=\"flex-basis:500px\">\n<p class=\"accountra-animate accountra-move-up accountra-delay-5 has-forth-color has-text-color has-tiny-font-size\" style=\"font-style:normal;font-weight:300\">Puedes realizar el pago de manera online mediante; QR, RED MULTIPAGOS, portal web, pago en compa\u00f1\u00eda, dep\u00f3sitos o transferencia, CHATBOT EDI, puntos habilitados p\/ pagos, SISTEMA SINTESIS o solicitar un cobrador que coordinar\u00e1 contigo el horario m\u00e1s conveniente.<\/p>\n\n\n\n<p><a href=\"https:\/\/portal.credinformsa.com:3715\/\">Consultar<\/a><\/p>\n<\/div>\n\n\n\n<div class=\"wp-block-column is-vertically-aligned-bottom is-layout-flow wp-block-column-is-layout-flow\" style=\"flex-basis:200px\">\n<div class=\"wp-block-buttons is-content-justification-right is-layout-flex wp-container-core-buttons-is-layout-d445cf74 wp-block-buttons-is-layout-flex\"><\/div>\n<\/div>\n<\/div>\n<\/div>\n\n\n\n<div class=\"wp-block-columns is-layout-flex wp-container-core-columns-is-layout-28f84493 wp-block-columns-is-layout-flex\">\n<div class=\"wp-block-column is-layout-flow wp-block-column-is-layout-flow\" style=\"padding-right:10px\">\n<figure class=\"wp-block-image alignleft size-full is-resized has-custom-border is-style-default\" style=\"margin-top:0;margin-bottom:0\"><img loading=\"lazy\" decoding=\"async\" width=\"500\" height=\"200\" src=\"https:\/\/corresur.com.bo\/wp-content\/uploads\/2025\/03\/crd.png\" alt=\"\" class=\"wp-image-484\" style=\"border-radius:8px;width:745px;height:auto\" srcset=\"https:\/\/www.corresur.com.bo\/wp-content\/uploads\/2025\/03\/crd.png 500w, https:\/\/www.corresur.com.bo\/wp-content\/uploads\/2025\/03\/crd-300x120.png 300w\" sizes=\"auto, (max-width: 500px) 100vw, 500px\" \/><\/figure>\n<\/div>\n\n\n\n<div class=\"wp-block-column is-vertically-aligned-center is-layout-flow wp-block-column-is-layout-flow\">\n<div class=\"wp-block-group is-layout-constrained wp-block-group-is-layout-constrained\">\n<div class=\"wp-block-columns are-vertically-aligned-top is-layout-flex wp-container-core-columns-is-layout-28f84493 wp-block-columns-is-layout-flex\">\n<div class=\"wp-block-column is-vertically-aligned-top is-layout-flow wp-block-column-is-layout-flow\">\n<div class=\"wp-block-group is-layout-constrained wp-block-group-is-layout-constrained\">\n<div class=\"wp-block-group is-layout-constrained wp-block-group-is-layout-constrained\">\n<details class=\"wp-block-details is-layout-flow wp-block-details-is-layout-flow\" open><summary>Detalle de cuentas bancarias<\/summary>\n<figure class=\"wp-block-table is-style-regular\"><table class=\"has-fixed-layout\"><thead><tr><th><strong>BANCO<\/strong><\/th><th>$<strong>US<\/strong>.<\/th><th><strong>Bs.<\/strong><\/th><\/tr><\/thead><tbody><tr><td>BANCO DE CREDITO<\/td><td>201-0439472-2-33<\/td><td>201-5017572-3-77<\/td><\/tr><tr><td>BANCO BISA<\/td><td>2174-203-1<\/td><td>2174-003-9<\/td><\/tr><tr><td>BANCO MERCANTIL SCZ<\/td><td>40-100-38653<\/td><td>40-100-04432<\/td><\/tr><tr><td>BANCO NACIONAL DE BOLIVIA<\/td><td>1400610300<\/td><td>1000246774<\/td><\/tr><tr><td>BANCO UNION<\/td><td>20000003025116<\/td><td>10000003025108<\/td><\/tr><\/tbody><\/table><\/figure>\n\n\n\n<p>CREDINFORM INTERNATIONAL S.A. NIT &#8211; 1006765027 T\/C BS. 6.96<\/p>\n<\/details>\n<\/div>\n<\/div>\n<\/div>\n<\/div>\n<\/div>\n<\/div>\n<\/div>\n<\/div>\n<\/div>\n<\/div>\n","protected":false},"excerpt":{"rendered":"<p>M\u00e9todos de pago Que servicios ofrecemos Puedes realizar el pago de manera online mediante; QR, RED MULTIPAGOS, portal web, pago en compa\u00f1\u00eda, dep\u00f3sitos o transferencia, CHATBOT EDI, puntos habilitados p\/ pagos, SISTEMA SINTESIS o solicitar un cobrador que coordinar\u00e1 contigo el horario m\u00e1s conveniente. Consultar<\/p>\n","protected":false},"author":1,"featured_media":0,"parent":0,"menu_order":0,"comment_status":"closed","ping_status":"closed","template":"","meta":{"footnotes":""},"class_list":["post-279","page","type-page","status-publish","hentry"],"_links":{"self":[{"href":"https:\/\/www.corresur.com.bo\/index.php?rest_route=\/wp\/v2\/pages\/279","targetHints":{"allow":["GET"]}}],"collection":[{"href":"https:\/\/www.corresur.com.bo\/index.php?rest_route=\/wp\/v2\/pages"}],"about":[{"href":"https:\/\/www.corresur.com.bo\/index.php?rest_route=\/wp\/v2\/types\/page"}],"author":[{"embeddable":true,"href":"https:\/\/www.corresur.com.bo\/index.php?rest_route=\/wp\/v2\/users\/1"}],"replies":[{"embeddable":true,"href":"https:\/\/www.corresur.com.bo\/index.php?rest_route=%2Fwp%2Fv2%2Fcomments&post=279"}],"version-history":[{"count":5,"href":"https:\/\/www.corresur.com.bo\/index.php?rest_route=\/wp\/v2\/pages\/279\/revisions"}],"predecessor-version":[{"id":692,"href":"https:\/\/www.corresur.com.bo\/index.php?rest_route=\/wp\/v2\/pages\/279\/revisions\/692"}],"wp:attachment":[{"href":"https:\/\/www.corresur.com.bo\/index.php?rest_route=%2Fwp%2Fv2%2Fmedia&parent=279"}],"curies":[{"name":"wp","href":"https:\/\/api.w.org\/{rel}","templated":true}]}}