{"id":263,"date":"2024-12-26T20:35:08","date_gmt":"2024-12-26T20:35:08","guid":{"rendered":"https:\/\/prueba.corresur.com.bo\/?page_id=263"},"modified":"2025-02-04T21:35:01","modified_gmt":"2025-02-04T21:35:01","slug":"siniestrogeneral","status":"publish","type":"page","link":"https:\/\/www.corresur.com.bo\/?page_id=263","title":{"rendered":"Formulario de Declaraci\u00f3n de Siniestros Generales"},"content":{"rendered":"\n<div class=\"wp-block-group is-layout-constrained wp-container-core-group-is-layout-00e9253c wp-block-group-is-layout-constrained\" style=\"padding-top:50px;padding-bottom:50px\">\n<div class=\"wp-block-columns is-layout-flex wp-container-core-columns-is-layout-28f84493 wp-block-columns-is-layout-flex\">\n<div class=\"wp-block-column is-layout-flow wp-block-column-is-layout-flow\">\n<div class=\"wp-block-group is-layout-flow wp-block-group-is-layout-flow\">\n<div class=\"wp-block-columns is-layout-flex wp-container-core-columns-is-layout-28f84493 wp-block-columns-is-layout-flex\">\n<div class=\"wp-block-column is-style-default accountra-animate accountra-move-up accountra-delay-5 is-layout-flow wp-block-column-is-layout-flow\"><\/div>\n\n\n\n<div class=\"wp-block-column is-style-default accountra-animate accountra-move-up accountra-delay-7 is-layout-flow wp-block-column-is-layout-flow\" style=\"flex-basis:500px\"><style id=\"wpforms-css-vars-root\">\n\t\t\t\t:root {\n\t\t\t\t\t--wpforms-field-border-radius: 3px;\n--wpforms-field-border-style: solid;\n--wpforms-field-border-size: 1px;\n--wpforms-field-background-color: #ffffff;\n--wpforms-field-border-color: rgba( 0, 0, 0, 0.25 );\n--wpforms-field-border-color-spare: rgba( 0, 0, 0, 0.25 );\n--wpforms-field-text-color: rgba( 0, 0, 0, 0.7 );\n--wpforms-field-menu-color: #ffffff;\n--wpforms-label-color: rgba( 0, 0, 0, 0.85 );\n--wpforms-label-sublabel-color: rgba( 0, 0, 0, 0.55 );\n--wpforms-label-error-color: #d63637;\n--wpforms-button-border-radius: 3px;\n--wpforms-button-border-style: none;\n--wpforms-button-border-size: 1px;\n--wpforms-button-background-color: #066aab;\n--wpforms-button-border-color: #066aab;\n--wpforms-button-text-color: #ffffff;\n--wpforms-page-break-color: #066aab;\n--wpforms-background-image: none;\n--wpforms-background-position: center center;\n--wpforms-background-repeat: no-repeat;\n--wpforms-background-size: cover;\n--wpforms-background-width: 100px;\n--wpforms-background-height: 100px;\n--wpforms-background-color: rgba( 0, 0, 0, 0 );\n--wpforms-background-url: none;\n--wpforms-container-padding: 0px;\n--wpforms-container-border-style: none;\n--wpforms-container-border-width: 1px;\n--wpforms-container-border-color: #000000;\n--wpforms-container-border-radius: 3px;\n--wpforms-field-size-input-height: 43px;\n--wpforms-field-size-input-spacing: 15px;\n--wpforms-field-size-font-size: 16px;\n--wpforms-field-size-line-height: 19px;\n--wpforms-field-size-padding-h: 14px;\n--wpforms-field-size-checkbox-size: 16px;\n--wpforms-field-size-sublabel-spacing: 5px;\n--wpforms-field-size-icon-size: 1;\n--wpforms-label-size-font-size: 16px;\n--wpforms-label-size-line-height: 19px;\n--wpforms-label-size-sublabel-font-size: 14px;\n--wpforms-label-size-sublabel-line-height: 17px;\n--wpforms-button-size-font-size: 17px;\n--wpforms-button-size-height: 41px;\n--wpforms-button-size-padding-h: 15px;\n--wpforms-button-size-margin-top: 10px;\n--wpforms-container-shadow-size-box-shadow: none;\n\n\t\t\t\t}\n\t\t\t<\/style><style id=\"wpforms-css-vars-264-block-4590d121-b7eb-46d5-b931-c1c0da44449f\">\n\t\t\t\t#wpforms-264.wpforms-block-4590d121-b7eb-46d5-b931-c1c0da44449f {\n\t\t\t\t\t--wpforms-field-size-input-height: 43px;\n--wpforms-field-size-input-spacing: 15px;\n--wpforms-field-size-font-size: 16px;\n--wpforms-field-size-line-height: 19px;\n--wpforms-field-size-padding-h: 14px;\n--wpforms-field-size-checkbox-size: 16px;\n--wpforms-field-size-sublabel-spacing: 5px;\n--wpforms-field-size-icon-size: 1;\n--wpforms-label-size-font-size: 16px;\n--wpforms-label-size-line-height: 19px;\n--wpforms-label-size-sublabel-font-size: 14px;\n--wpforms-label-size-sublabel-line-height: 17px;\n--wpforms-button-size-font-size: 17px;\n--wpforms-button-size-height: 41px;\n--wpforms-button-size-padding-h: 15px;\n--wpforms-button-size-margin-top: 10px;\n\n\t\t\t\t}\n\t\t\t<\/style><div class=\"wpforms-container wpforms-container-full wpforms-block wpforms-block-4590d121-b7eb-46d5-b931-c1c0da44449f wpforms-render-modern\" id=\"wpforms-264\"><form id=\"wpforms-form-264\" class=\"wpforms-validate wpforms-form wpforms-ajax-form\" data-formid=\"264\" method=\"post\" enctype=\"multipart\/form-data\" action=\"\/index.php?rest_route=%2Fwp%2Fv2%2Fpages%2F263\" data-token=\"00b20ed53f5e094f977efafc261c58ee\" data-token-time=\"1775463499\"><noscript class=\"wpforms-error-noscript\">Please enable JavaScript in your browser to complete this form.<\/noscript><div class=\"wpforms-hidden\" id=\"wpforms-error-noscript\">Please enable JavaScript in your browser to complete this form.<\/div><div class=\"wpforms-field-container\"><div id=\"wpforms-264-field_1-container\" class=\"wpforms-field wpforms-field-name wpforms-one-half wpforms-first\" data-field-id=\"1\"><label class=\"wpforms-field-label\" for=\"wpforms-264-field_1\">Nombre <span class=\"wpforms-required-label\" aria-hidden=\"true\">*<\/span><\/label><input type=\"text\" id=\"wpforms-264-field_1\" class=\"wpforms-field-large wpforms-field-required\" name=\"wpforms[fields][1]\" aria-errormessage=\"wpforms-264-field_1-error\" required><\/div><div id=\"wpforms-264-field_4-container\" class=\"wpforms-field wpforms-field-text wpforms-one-half\" data-field-id=\"4\"><label class=\"wpforms-field-label\" for=\"wpforms-264-field_4\">Apellido <span class=\"wpforms-required-label\" aria-hidden=\"true\">*<\/span><\/label><input type=\"text\" id=\"wpforms-264-field_4\" class=\"wpforms-field-large wpforms-field-required\" name=\"wpforms[fields][4]\" aria-errormessage=\"wpforms-264-field_4-error\" required><\/div><div id=\"wpforms-264-field_2-container\" class=\"wpforms-field wpforms-field-email wpforms-one-half wpforms-first\" data-field-id=\"2\"><label class=\"wpforms-field-label\" for=\"wpforms-264-field_2\">Email <span class=\"wpforms-required-label\" aria-hidden=\"true\">*<\/span><\/label><input type=\"email\" id=\"wpforms-264-field_2\" class=\"wpforms-field-large wpforms-field-required\" name=\"wpforms[fields][2]\" spellcheck=\"false\" aria-errormessage=\"wpforms-264-field_2-error\" required><\/div><div id=\"wpforms-264-field_5-container\" class=\"wpforms-field wpforms-field-text wpforms-one-half\" data-field-id=\"5\"><label class=\"wpforms-field-label\" for=\"wpforms-264-field_5\">Celular <span class=\"wpforms-required-label\" aria-hidden=\"true\">*<\/span><\/label><input type=\"text\" id=\"wpforms-264-field_5\" class=\"wpforms-field-medium wpforms-field-required\" name=\"wpforms[fields][5]\" aria-errormessage=\"wpforms-264-field_5-error\" required><\/div><div id=\"wpforms-264-field_6-container\" class=\"wpforms-field wpforms-field-select wpforms-one-half wpforms-first wpforms-field-select-style-classic\" data-field-id=\"6\"><label class=\"wpforms-field-label\" for=\"wpforms-264-field_6\">Departamento donde ocurrio el siniestro<\/label><select id=\"wpforms-264-field_6\" class=\"wpforms-field-medium\" name=\"wpforms[fields][6]\"><option value=\"La Paz\" >La Paz<\/option><option value=\"Oruro\" >Oruro<\/option><option value=\"Potosi\" >Potosi<\/option><option value=\"Cochabamba\" >Cochabamba<\/option><option value=\"Chuquisaca\" >Chuquisaca<\/option><option value=\"Tarija\" >Tarija<\/option><option value=\"Pando\" >Pando<\/option><option value=\"Beni\" >Beni<\/option><option value=\"Santa Cruz\" >Santa Cruz<\/option><\/select><\/div><div id=\"wpforms-264-field_7-container\" class=\"wpforms-field wpforms-field-text wpforms-one-half\" data-field-id=\"7\"><label class=\"wpforms-field-label\" for=\"wpforms-264-field_7\">Direccion donde Ocurrio el siniestro <span class=\"wpforms-required-label\" aria-hidden=\"true\">*<\/span><\/label><input type=\"text\" id=\"wpforms-264-field_7\" class=\"wpforms-field-medium wpforms-field-required\" name=\"wpforms[fields][7]\" aria-errormessage=\"wpforms-264-field_7-error\" required><\/div><div id=\"wpforms-264-field_8-container\" class=\"wpforms-field wpforms-field-text\" data-field-id=\"8\"><label class=\"wpforms-field-label\" for=\"wpforms-264-field_8\">Fecha de Siniestro <span class=\"wpforms-required-label\" aria-hidden=\"true\">*<\/span><\/label><input type=\"text\" id=\"wpforms-264-field_8\" class=\"wpforms-field-medium wpforms-field-required wpforms-masked-input\" data-rule-inputmask-incomplete=\"1\" data-inputmask-alias=\"datetime\" data-inputmask-inputformat=\"dd\/mm\/yyyy\" data-inputmask-inputmode=\"numeric\" name=\"wpforms[fields][8]\" aria-errormessage=\"wpforms-264-field_8-error\" required><\/div><div id=\"wpforms-264-field_3-container\" class=\"wpforms-field wpforms-field-textarea\" data-field-id=\"3\"><label class=\"wpforms-field-label\" for=\"wpforms-264-field_3\">Descripci\u00f3n detallada del siniestro (Incluyendo lista bienes afectados) <span class=\"wpforms-required-label\" aria-hidden=\"true\">*<\/span><\/label><textarea id=\"wpforms-264-field_3\" class=\"wpforms-field-medium wpforms-field-required\" name=\"wpforms[fields][3]\" aria-errormessage=\"wpforms-264-field_3-error\" required><\/textarea><\/div><\/div><!-- .wpforms-field-container --><div class=\"wpforms-submit-container\" ><input type=\"hidden\" name=\"wpforms[id]\" value=\"264\"><input type=\"hidden\" name=\"page_title\" value=\"\"><input type=\"hidden\" name=\"page_url\" value=\"https:\/\/www.corresur.com.bo\/index.php?rest_route=%2Fwp%2Fv2%2Fpages%2F263\"><button type=\"submit\" name=\"wpforms[submit]\" id=\"wpforms-submit-264\" class=\"wpforms-submit\" data-alt-text=\"Enviando...\" data-submit-text=\"Enviar\" aria-live=\"assertive\" value=\"wpforms-submit\">Enviar<\/button><img loading=\"lazy\" decoding=\"async\" src=\"https:\/\/www.corresur.com.bo\/wp-content\/plugins\/wpforms-lite\/assets\/images\/submit-spin.svg\" class=\"wpforms-submit-spinner\" style=\"display: none;\" width=\"26\" height=\"26\" alt=\"Loading\"><\/div><\/form><\/div>  <!-- .wpforms-container --><\/div>\n\n\n\n<div class=\"wp-block-column is-style-default accountra-animate accountra-move-up accountra-delay-10 is-layout-flow wp-block-column-is-layout-flow\"><\/div>\n<\/div>\n<\/div>\n\n\n\n<div class=\"wp-block-group is-layout-flow wp-block-group-is-layout-flow\" style=\"margin-bottom:45px\">\n<div class=\"wp-block-columns is-layout-flex wp-container-core-columns-is-layout-28f84493 wp-block-columns-is-layout-flex\">\n<div class=\"wp-block-column is-layout-flow wp-block-column-is-layout-flow\">\n<p>El C\u00f3digo de Comercio en sus Art\u00edculos 993, 994 y 999, establece que la reticencia, inexactitud, dolo o mala fe en la declaraci\u00f3n de seguros hacen el contrato de seguro nulo o anulable. La informaci\u00f3n que proporcione en este documento goza de absoluta confidencialidad y constituye una declaraci\u00f3n jurada y la condici\u00f3n de confesi\u00f3n, verdad y certeza jur\u00eddica de conformidad con el Art. 1322 del C\u00f3digo Civil y el Art. 157 par\u00e1grafo IV del C\u00f3digo Procesal Civil, aceptando de mi parte que en caso de inexactitud o falsedad la aplicaci\u00f3n de las penalidades establecidas en el Art. 169 del C\u00f3digo Penal como falso testimonio. Me comprometo a la exactitud de las declaraciones, que nada ocultar\u00e9, o alterar\u00e9 y me doy por enterado(a) que dichas declaraciones constituyen los elementos indispensables para la apreciaci\u00f3n del riesgo por parte de la Compa\u00f1\u00eda. En caso de formular una declaraci\u00f3n reticente o inexacta sobre los hechos y circunstancias que, conocidos por el Asegurador, le hubieran inducido a no aceptar el contrato o a estipular condiciones distintas, estoy consciente que hacen anulable el presente contrato de seguro de acuerdo a lo estipulado en el Art\u00edculo 993 y 994 del C\u00f3digo de Comercio vigente. Adem\u00e1s, autorizo expresamente a cualquier m\u00e9dico u otra persona que me hubiese reconocido o asistido en mis dolencias, a entregar a la Compa\u00f1\u00eda todos los datos o antecedentes cl\u00ednicos que pudiera tener o haber tomado conocimiento al prestarme sus servicios. Por \u00faltimo, autorizo a la compa\u00f1\u00eda a enviarme mensajes por WhatsApp relativos al servicio que he contratado. Este formulario forma parte integrante de la p\u00f3liza a ser suscrita<\/p>\n<\/div>\n<\/div>\n<\/div>\n<\/div>\n<\/div>\n<\/div>\n","protected":false},"excerpt":{"rendered":"<p>El C\u00f3digo de Comercio en sus Art\u00edculos 993, 994 y 999, establece que la reticencia, inexactitud, dolo o mala fe en la declaraci\u00f3n de seguros hacen el contrato de seguro nulo o anulable. La informaci\u00f3n que proporcione en este documento goza de absoluta confidencialidad y constituye una declaraci\u00f3n jurada y la condici\u00f3n de confesi\u00f3n, verdad y certeza jur\u00eddica de conformidad con el Art. 1322 del C\u00f3digo Civil y el Art. 157 par\u00e1grafo IV del C\u00f3digo Procesal Civil, aceptando de mi parte que en caso de inexactitud o falsedad la aplicaci\u00f3n de las penalidades establecidas en el Art. 169 del C\u00f3digo<\/p>\n","protected":false},"author":1,"featured_media":0,"parent":0,"menu_order":0,"comment_status":"closed","ping_status":"closed","template":"","meta":{"footnotes":""},"class_list":["post-263","page","type-page","status-publish","hentry"],"_links":{"self":[{"href":"https:\/\/www.corresur.com.bo\/index.php?rest_route=\/wp\/v2\/pages\/263","targetHints":{"allow":["GET"]}}],"collection":[{"href":"https:\/\/www.corresur.com.bo\/index.php?rest_route=\/wp\/v2\/pages"}],"about":[{"href":"https:\/\/www.corresur.com.bo\/index.php?rest_route=\/wp\/v2\/types\/page"}],"author":[{"embeddable":true,"href":"https:\/\/www.corresur.com.bo\/index.php?rest_route=\/wp\/v2\/users\/1"}],"replies":[{"embeddable":true,"href":"https:\/\/www.corresur.com.bo\/index.php?rest_route=%2Fwp%2Fv2%2Fcomments&post=263"}],"version-history":[{"count":4,"href":"https:\/\/www.corresur.com.bo\/index.php?rest_route=\/wp\/v2\/pages\/263\/revisions"}],"predecessor-version":[{"id":355,"href":"https:\/\/www.corresur.com.bo\/index.php?rest_route=\/wp\/v2\/pages\/263\/revisions\/355"}],"wp:attachment":[{"href":"https:\/\/www.corresur.com.bo\/index.php?rest_route=%2Fwp%2Fv2%2Fmedia&parent=263"}],"curies":[{"name":"wp","href":"https:\/\/api.w.org\/{rel}","templated":true}]}}