{"id":15,"date":"2024-09-16T19:50:48","date_gmt":"2024-09-16T19:50:48","guid":{"rendered":"https:\/\/prueba.corresur.com.bo\/?page_id=15"},"modified":"2025-05-22T23:11:38","modified_gmt":"2025-05-22T23:11:38","slug":"nosotros","status":"publish","type":"page","link":"https:\/\/www.corresur.com.bo\/?page_id=15","title":{"rendered":"Quienes Somos"},"content":{"rendered":"\n<div class=\"wp-block-group is-content-justification-center is-layout-constrained wp-container-core-group-is-layout-f2336c87 wp-block-group-is-layout-constrained\" style=\"padding-top:100px;padding-bottom:80px\">\n<div class=\"wp-block-columns are-vertically-aligned-center is-layout-flex wp-container-core-columns-is-layout-28f84493 wp-block-columns-is-layout-flex\">\n<div class=\"wp-block-column is-vertically-aligned-center is-content-justification-center is-layout-constrained wp-container-core-column-is-layout-721abc15 wp-block-column-is-layout-constrained\" style=\"padding-right:50px;padding-left:var(--wp--preset--spacing--40)\">\n<h5 class=\"wp-block-heading accountra-animate accountra-move-right accountra-delay-1 has-secondary-color has-text-color has-small-font-size\" style=\"font-style:normal;font-weight:500\">CORRESUR SRL<\/h5>\n\n\n\n<div class=\"wp-block-group is-content-justification-center is-layout-constrained wp-block-group-is-layout-constrained\">\n<div class=\"wp-block-group is-content-justification-center is-layout-constrained wp-block-group-is-layout-constrained\">\n<div class=\"wp-block-group alignfull is-nowrap is-layout-flex wp-container-core-group-is-layout-6c531013 wp-block-group-is-layout-flex\">\n<div class=\"wp-block-group is-nowrap is-layout-flex wp-container-core-group-is-layout-6c531013 wp-block-group-is-layout-flex\">\n<div class=\"wp-block-group is-vertical is-layout-flex wp-container-core-group-is-layout-fe9cc265 wp-block-group-is-layout-flex\">\n<div class=\"wp-block-group is-content-justification-center is-layout-constrained wp-block-group-is-layout-constrained\">\n<p class=\"has-text-align-left\">En <strong>CORRESUR<\/strong>, llevamos m\u00e1s de diecisiete a\u00f1os brindando asesor\u00eda experta en seguros, actuando como su corredor e intermediario de confianza.<\/p>\n\n\n\n<p class=\"has-text-align-left\">Nuestro compromiso es hacer que la contrataci\u00f3n de su p\u00f3liza sea un proceso \u00e1gil, sencillo y totalmente seguro. Nos especializamos en ofrecer soluciones personalizadas, <strong>garantizando que obtenga la mejor cobertura al costo m\u00e1s conveniente.<\/strong> A trav\u00e9s de un an\u00e1lisis detallado de sus necesidades, nos aseguramos de brindarle la protecci\u00f3n adecuada para usted, su familia o su empresa.<\/p>\n\n\n\n<p class=\"has-text-align-left\">Somos un equipo de profesionales comprometidos con la calidad, la transparencia y la eficiencia. Actuamos con total independencia de las aseguradoras, representando exclusivamente sus intereses y asegur\u00e1ndonos de que reciba el mejor respaldo en cada decisi\u00f3n. En cada servicio que brindamos, buscamos <strong>dejar huella<\/strong> en su tranquilidad y seguridad, ofreci\u00e9ndole soluciones confiables y un acompa\u00f1amiento cercano en cada etapa.<\/p>\n<\/div>\n<\/div>\n<\/div>\n<\/div>\n<\/div>\n<\/div>\n\n\n\n<div class=\"wp-block-group accountra-animate accountra-move-right accountra-delay-7 is-nowrap is-layout-flex wp-container-core-group-is-layout-6c531013 wp-block-group-is-layout-flex\"><\/div>\n<\/div>\n\n\n\n<div class=\"wp-block-column is-vertically-aligned-center accountra-animate accountra-move-up accountra-delay-3 has-background is-layout-flow wp-block-column-is-layout-flow\" style=\"background:linear-gradient(223deg,rgb(249,249,249) 30%,rgb(255,255,255) 30%,rgb(254,254,254) 71%,rgb(249,249,249) 71%);padding-top:20px;padding-right:20px;padding-bottom:20px;padding-left:20px;flex-basis:480px\">\n<figure class=\"wp-block-image aligncenter size-full\"><img loading=\"lazy\" decoding=\"async\" width=\"2560\" height=\"1707\" src=\"https:\/\/corresur.com.bo\/wp-content\/uploads\/2025\/04\/MG_2478-scaled.jpg\" alt=\"\" class=\"wp-image-559\" srcset=\"https:\/\/www.corresur.com.bo\/wp-content\/uploads\/2025\/04\/MG_2478-scaled.jpg 2560w, https:\/\/www.corresur.com.bo\/wp-content\/uploads\/2025\/04\/MG_2478-300x200.jpg 300w, https:\/\/www.corresur.com.bo\/wp-content\/uploads\/2025\/04\/MG_2478-1024x683.jpg 1024w, https:\/\/www.corresur.com.bo\/wp-content\/uploads\/2025\/04\/MG_2478-768x512.jpg 768w, https:\/\/www.corresur.com.bo\/wp-content\/uploads\/2025\/04\/MG_2478-1536x1024.jpg 1536w, https:\/\/www.corresur.com.bo\/wp-content\/uploads\/2025\/04\/MG_2478-2048x1366.jpg 2048w\" sizes=\"auto, (max-width: 2560px) 100vw, 2560px\" \/><\/figure>\n<\/div>\n<\/div>\n<\/div>\n\n\n\n<p><\/p>\n","protected":false},"excerpt":{"rendered":"<p>CORRESUR SRL En CORRESUR, llevamos m\u00e1s de diecisiete a\u00f1os brindando asesor\u00eda experta en seguros, actuando como su corredor e intermediario de confianza. Nuestro compromiso es hacer que la contrataci\u00f3n de su p\u00f3liza sea un proceso \u00e1gil, sencillo y totalmente seguro. Nos especializamos en ofrecer soluciones personalizadas, garantizando que obtenga la mejor cobertura al costo m\u00e1s conveniente. A trav\u00e9s de un an\u00e1lisis detallado de sus necesidades, nos aseguramos de brindarle la protecci\u00f3n adecuada para usted, su familia o su empresa. Somos un equipo de profesionales comprometidos con la calidad, la transparencia y la eficiencia. Actuamos con total independencia de las aseguradoras,<\/p>\n","protected":false},"author":1,"featured_media":0,"parent":0,"menu_order":0,"comment_status":"closed","ping_status":"closed","template":"","meta":{"footnotes":""},"class_list":["post-15","page","type-page","status-publish","hentry"],"_links":{"self":[{"href":"https:\/\/www.corresur.com.bo\/index.php?rest_route=\/wp\/v2\/pages\/15","targetHints":{"allow":["GET"]}}],"collection":[{"href":"https:\/\/www.corresur.com.bo\/index.php?rest_route=\/wp\/v2\/pages"}],"about":[{"href":"https:\/\/www.corresur.com.bo\/index.php?rest_route=\/wp\/v2\/types\/page"}],"author":[{"embeddable":true,"href":"https:\/\/www.corresur.com.bo\/index.php?rest_route=\/wp\/v2\/users\/1"}],"replies":[{"embeddable":true,"href":"https:\/\/www.corresur.com.bo\/index.php?rest_route=%2Fwp%2Fv2%2Fcomments&post=15"}],"version-history":[{"count":5,"href":"https:\/\/www.corresur.com.bo\/index.php?rest_route=\/wp\/v2\/pages\/15\/revisions"}],"predecessor-version":[{"id":682,"href":"https:\/\/www.corresur.com.bo\/index.php?rest_route=\/wp\/v2\/pages\/15\/revisions\/682"}],"wp:attachment":[{"href":"https:\/\/www.corresur.com.bo\/index.php?rest_route=%2Fwp%2Fv2%2Fmedia&parent=15"}],"curies":[{"name":"wp","href":"https:\/\/api.w.org\/{rel}","templated":true}]}}