{"id":125,"date":"2024-10-27T21:11:01","date_gmt":"2024-10-27T21:11:01","guid":{"rendered":"https:\/\/prueba.corresur.com.bo\/?page_id=125"},"modified":"2025-05-22T23:25:25","modified_gmt":"2025-05-22T23:25:25","slug":"cauciones","status":"publish","type":"page","link":"https:\/\/www.corresur.com.bo\/?page_id=125","title":{"rendered":"Cauci\u00f3n o Fianza"},"content":{"rendered":"\n<div class=\"wp-block-group is-layout-constrained wp-container-core-group-is-layout-a6db6f11 wp-block-group-is-layout-constrained\" style=\"padding-top:100px;padding-bottom:100px\">\n<div class=\"wp-block-columns is-layout-flex wp-container-core-columns-is-layout-28f84493 wp-block-columns-is-layout-flex\">\n<div class=\"wp-block-column is-layout-flow wp-block-column-is-layout-flow\">\n<div class=\"wp-block-group is-layout-flow wp-block-group-is-layout-flow\">\n<div class=\"wp-block-columns is-layout-flex wp-container-core-columns-is-layout-28f84493 wp-block-columns-is-layout-flex\">\n<div class=\"wp-block-column is-style-default accountra-animate accountra-move-up accountra-delay-5 is-layout-flow wp-block-column-is-layout-flow\">\n<div class=\"wp-block-group is-style-customboxshadow is-layout-flow wp-block-group-is-layout-flow\" style=\"border-radius:8px;padding-top:30px;padding-right:25px;padding-bottom:30px;padding-left:30px\">\n<div class=\"wp-block-columns are-vertically-aligned-top is-layout-flex wp-container-core-columns-is-layout-28f84493 wp-block-columns-is-layout-flex\">\n<div class=\"wp-block-column is-vertically-aligned-top is-layout-flow wp-block-column-is-layout-flow\" style=\"flex-basis:20%\">\n<figure class=\"wp-block-image size-large is-resized\"><img decoding=\"async\" src=\"https:\/\/corresur.com.bo\/wp-content\/themes\/accountra\/assets\/img\/icon-wallet.webp\" alt=\"\" class=\"wp-image-68\" style=\"width:45px;height:43px\"\/><\/figure>\n<\/div>\n\n\n\n<div class=\"wp-block-column is-vertically-aligned-top is-layout-flow wp-block-column-is-layout-flow\" style=\"flex-basis:90%\">\n<h5 class=\"wp-block-heading has-text-color\" style=\"color:#252425;margin-top:0px;margin-right:0px;margin-bottom:20px;margin-left:0px;font-style:normal;font-weight:500\">Agencias y Agentes Despachantes de Aduana<\/h5>\n\n\n\n<p class=\"accountra-margin-top-n10 has-forth-color has-text-color has-tiny-font-size\" style=\"font-style:normal;font-weight:300\">P\u00f3liza destinada a respaldar a los agentes aduaneros en el cumplimiento de sus obligaciones legales, asegurando la correcta gesti\u00f3n y entrega de las mercanc\u00edas.<\/p>\n\n\n\n<div class=\"wp-block-buttons is-content-justification-left is-layout-flex wp-container-core-buttons-is-layout-eeedef89 wp-block-buttons-is-layout-flex\" style=\"margin-top:15px\"><\/div>\n<\/div>\n<\/div>\n<\/div>\n<\/div>\n\n\n\n<div class=\"wp-block-column is-style-default accountra-animate accountra-move-up accountra-delay-7 is-layout-flow wp-block-column-is-layout-flow\">\n<div class=\"wp-block-group is-style-customboxshadow is-layout-flow wp-block-group-is-layout-flow\" style=\"border-radius:8px;padding-top:30px;padding-right:25px;padding-bottom:30px;padding-left:30px\">\n<div class=\"wp-block-columns are-vertically-aligned-top is-layout-flex wp-container-core-columns-is-layout-28f84493 wp-block-columns-is-layout-flex\">\n<div class=\"wp-block-column is-vertically-aligned-top is-layout-flow wp-block-column-is-layout-flow\" style=\"flex-basis:20%\">\n<figure class=\"wp-block-image size-full is-resized\"><img decoding=\"async\" src=\"https:\/\/corresur.com.bo\/wp-content\/themes\/accountra\/assets\/img\/icon-invoice.webp\" alt=\"\" class=\"wp-image-69\" style=\"width:45px;height:45px\"\/><\/figure>\n<\/div>\n\n\n\n<div class=\"wp-block-column is-vertically-aligned-top is-layout-flow wp-block-column-is-layout-flow\" style=\"flex-basis:90%\">\n<h5 class=\"wp-block-heading has-text-color has-small-font-size\" style=\"color:#252425;margin-top:0px;margin-right:0px;margin-bottom:20px;margin-left:0px;font-style:normal;font-weight:500\">Buena Ejecuci\u00f3n de Obra<\/h5>\n\n\n\n<p class=\"accountra-margin-top-n10 has-forth-color has-text-color has-tiny-font-size\" style=\"font-style:normal;font-weight:300\">P\u00f3liza que garantiza el cumplimiento de los contratos de construcci\u00f3n o proyectos, protegiendo a los beneficiarios frente a incumplimientos o defectos en la ejecuci\u00f3n.<\/p>\n\n\n\n<div class=\"wp-block-buttons is-content-justification-left is-layout-flex wp-container-core-buttons-is-layout-eeedef89 wp-block-buttons-is-layout-flex\" style=\"margin-top:15px\"><\/div>\n<\/div>\n<\/div>\n<\/div>\n<\/div>\n\n\n\n<div class=\"wp-block-column is-style-default accountra-animate accountra-move-up accountra-delay-10 is-layout-flow wp-block-column-is-layout-flow\">\n<div class=\"wp-block-group is-style-customboxshadow is-layout-flow wp-block-group-is-layout-flow\" style=\"border-radius:8px;padding-top:30px;padding-right:25px;padding-bottom:30px;padding-left:30px\">\n<div class=\"wp-block-columns are-vertically-aligned-top is-layout-flex wp-container-core-columns-is-layout-28f84493 wp-block-columns-is-layout-flex\">\n<div class=\"wp-block-column is-vertically-aligned-top is-layout-flow wp-block-column-is-layout-flow\" style=\"flex-basis:20%\">\n<figure class=\"wp-block-image size-full is-resized\"><img decoding=\"async\" src=\"https:\/\/corresur.com.bo\/wp-content\/themes\/accountra\/assets\/img\/icon-money-check.webp\" alt=\"\" class=\"wp-image-70\" style=\"width:45px;height:45px\"\/><\/figure>\n<\/div>\n\n\n\n<div class=\"wp-block-column is-vertically-aligned-top is-layout-flow wp-block-column-is-layout-flow\" style=\"flex-basis:90%\">\n<h5 class=\"wp-block-heading has-text-color has-small-font-size\" style=\"color:#252425;margin-top:0px;margin-right:0px;margin-bottom:20px;margin-left:0px;font-style:normal;font-weight:500\">Caucion Calificada<\/h5>\n\n\n\n<p class=\"accountra-margin-top-n10 has-forth-color has-text-color has-tiny-font-size\" style=\"font-style:normal;font-weight:300\">Seguro regulado por la Autoridad de Supervisi\u00f3n del Sistema Financiero (ASFI) destinado a entidades financieras supervisadas. Este producto cubre el incumplimiento de las obligaciones legales o contractuales por parte de directores, altos ejecutivos, s\u00edndicos, gerentes y\/o cualquier otro cargo de confianza, garantizando la indemnizaci\u00f3n a la entidad supervisada, ya sea a t\u00edtulo de resarcimiento o penalidad, por los da\u00f1os patrimoniales sufridos, dentro de los l\u00edmites establecidos en la p\u00f3liza.<\/p>\n\n\n\n<div class=\"wp-block-buttons is-content-justification-left is-layout-flex wp-container-core-buttons-is-layout-eeedef89 wp-block-buttons-is-layout-flex\" style=\"margin-top:15px\"><\/div>\n<\/div>\n<\/div>\n<\/div>\n<\/div>\n<\/div>\n\n\n\n<div class=\"wp-block-columns is-layout-flex wp-container-core-columns-is-layout-28f84493 wp-block-columns-is-layout-flex\">\n<div class=\"wp-block-column is-style-default accountra-animate accountra-move-up accountra-delay-5 is-layout-flow wp-block-column-is-layout-flow\">\n<div class=\"wp-block-group is-style-customboxshadow is-layout-flow wp-block-group-is-layout-flow\" style=\"border-radius:8px;padding-top:30px;padding-right:25px;padding-bottom:30px;padding-left:30px\">\n<div class=\"wp-block-columns are-vertically-aligned-top is-layout-flex wp-container-core-columns-is-layout-28f84493 wp-block-columns-is-layout-flex\">\n<div class=\"wp-block-column is-vertically-aligned-top is-layout-flow wp-block-column-is-layout-flow\" style=\"flex-basis:20%\">\n<figure class=\"wp-block-image size-large is-resized\"><img decoding=\"async\" src=\"https:\/\/corresur.com.bo\/wp-content\/themes\/accountra\/assets\/img\/icon-wallet.webp\" alt=\"\" class=\"wp-image-68\" style=\"width:45px;height:43px\"\/><\/figure>\n<\/div>\n\n\n\n<div class=\"wp-block-column is-vertically-aligned-top is-layout-flow wp-block-column-is-layout-flow\" style=\"flex-basis:90%\">\n<h5 class=\"wp-block-heading has-text-color\" style=\"color:#252425;margin-top:0px;margin-right:0px;margin-bottom:20px;margin-left:0px;font-style:normal;font-weight:500\">Consolidadores y Desconsolidadores<\/h5>\n\n\n\n<p class=\"accountra-margin-top-n10 has-forth-color has-text-color has-tiny-font-size\" style=\"font-style:normal;font-weight:300\">P\u00f3liza que garantiza la adecuada manipulaci\u00f3n, transporte y entrega de mercanc\u00edas por parte de consolidadores y desconsolidadores en operaciones log\u00edsticas.<\/p>\n\n\n\n<div class=\"wp-block-buttons is-content-justification-left is-layout-flex wp-container-core-buttons-is-layout-eeedef89 wp-block-buttons-is-layout-flex\" style=\"margin-top:15px\"><\/div>\n<\/div>\n<\/div>\n<\/div>\n<\/div>\n\n\n\n<div class=\"wp-block-column is-style-default accountra-animate accountra-move-up accountra-delay-7 is-layout-flow wp-block-column-is-layout-flow\">\n<div class=\"wp-block-group is-style-customboxshadow is-layout-flow wp-block-group-is-layout-flow\" style=\"border-radius:8px;padding-top:30px;padding-right:25px;padding-bottom:30px;padding-left:30px\">\n<div class=\"wp-block-columns are-vertically-aligned-top is-layout-flex wp-container-core-columns-is-layout-28f84493 wp-block-columns-is-layout-flex\">\n<div class=\"wp-block-column is-vertically-aligned-top is-layout-flow wp-block-column-is-layout-flow\" style=\"flex-basis:20%\">\n<figure class=\"wp-block-image size-full is-resized\"><img decoding=\"async\" src=\"https:\/\/corresur.com.bo\/wp-content\/themes\/accountra\/assets\/img\/icon-invoice.webp\" alt=\"\" class=\"wp-image-69\" style=\"width:45px;height:45px\"\/><\/figure>\n<\/div>\n\n\n\n<div class=\"wp-block-column is-vertically-aligned-top is-layout-flow wp-block-column-is-layout-flow\" style=\"flex-basis:90%\">\n<h5 class=\"wp-block-heading has-text-color has-small-font-size\" style=\"color:#252425;margin-top:0px;margin-right:0px;margin-bottom:20px;margin-left:0px;font-style:normal;font-weight:500\">Correcta Inversi\u00f3n de Anticipos<\/h5>\n\n\n\n<p class=\"accountra-margin-top-n10 has-forth-color has-text-color has-tiny-font-size\" style=\"font-style:normal;font-weight:300\">Asegura la adecuada utilizaci\u00f3n de anticipos otorgados para la ejecuci\u00f3n de proyectos o contratos, protegiendo los intereses del beneficiario.<\/p>\n\n\n\n<div class=\"wp-block-buttons is-content-justification-left is-layout-flex wp-container-core-buttons-is-layout-eeedef89 wp-block-buttons-is-layout-flex\" style=\"margin-top:15px\"><\/div>\n<\/div>\n<\/div>\n<\/div>\n<\/div>\n\n\n\n<div class=\"wp-block-column is-style-default accountra-animate accountra-move-up accountra-delay-10 is-layout-flow wp-block-column-is-layout-flow\">\n<div class=\"wp-block-group is-style-customboxshadow is-layout-flow wp-block-group-is-layout-flow\" style=\"border-radius:8px;padding-top:30px;padding-right:25px;padding-bottom:30px;padding-left:30px\">\n<div class=\"wp-block-columns are-vertically-aligned-top is-layout-flex wp-container-core-columns-is-layout-28f84493 wp-block-columns-is-layout-flex\">\n<div class=\"wp-block-column is-vertically-aligned-top is-layout-flow wp-block-column-is-layout-flow\" style=\"flex-basis:20%\">\n<figure class=\"wp-block-image size-full is-resized\"><img decoding=\"async\" src=\"https:\/\/corresur.com.bo\/wp-content\/themes\/accountra\/assets\/img\/icon-money-check.webp\" alt=\"\" class=\"wp-image-70\" style=\"width:45px;height:45px\"\/><\/figure>\n<\/div>\n\n\n\n<div class=\"wp-block-column is-vertically-aligned-top is-layout-flow wp-block-column-is-layout-flow\" style=\"flex-basis:90%\">\n<h5 class=\"wp-block-heading has-text-color has-small-font-size\" style=\"color:#252425;margin-top:0px;margin-right:0px;margin-bottom:20px;margin-left:0px;font-style:normal;font-weight:500\">Cumplimiento Contrato de Obra<\/h5>\n\n\n\n<p class=\"accountra-margin-top-n10 has-forth-color has-text-color has-tiny-font-size\" style=\"font-style:normal;font-weight:300\">Garant\u00eda que respalda la correcta ejecuci\u00f3n de contratos de construcci\u00f3n, asegurando que el contratista cumpla con las especificaciones acordadas.<\/p>\n\n\n\n<div class=\"wp-block-buttons is-content-justification-left is-layout-flex wp-container-core-buttons-is-layout-eeedef89 wp-block-buttons-is-layout-flex\" style=\"margin-top:15px\"><\/div>\n<\/div>\n<\/div>\n<\/div>\n<\/div>\n<\/div>\n<\/div>\n\n\n\n<div class=\"wp-block-group is-layout-flow wp-block-group-is-layout-flow\">\n<div class=\"wp-block-columns is-layout-flex wp-container-core-columns-is-layout-28f84493 wp-block-columns-is-layout-flex\">\n<div class=\"wp-block-column is-style-default accountra-animate accountra-move-up accountra-delay-5 is-layout-flow wp-block-column-is-layout-flow\">\n<div class=\"wp-block-group is-style-customboxshadow is-layout-flow wp-block-group-is-layout-flow\" style=\"border-radius:8px;padding-top:30px;padding-right:25px;padding-bottom:30px;padding-left:30px\">\n<div class=\"wp-block-columns are-vertically-aligned-top is-layout-flex wp-container-core-columns-is-layout-28f84493 wp-block-columns-is-layout-flex\">\n<div class=\"wp-block-column is-vertically-aligned-top is-layout-flow wp-block-column-is-layout-flow\" style=\"flex-basis:20%\">\n<figure class=\"wp-block-image size-full is-resized\"><img decoding=\"async\" src=\"https:\/\/corresur.com.bo\/wp-content\/themes\/accountra\/assets\/img\/icon-hand-money.webp\" alt=\"\" class=\"wp-image-71\" style=\"width:45px;height:45px\"\/><\/figure>\n<\/div>\n\n\n\n<div class=\"wp-block-column is-vertically-aligned-top is-layout-flow wp-block-column-is-layout-flow\" style=\"flex-basis:90%\">\n<h5 class=\"wp-block-heading has-text-color has-small-font-size\" style=\"color:#252425;margin-top:0px;margin-right:0px;margin-bottom:20px;margin-left:0px;font-style:normal;font-weight:500\">Cumplimiento Contrato de Servicios<\/h5>\n\n\n\n<p class=\"accountra-margin-top-n10 has-forth-color has-text-color has-tiny-font-size\" style=\"font-style:normal;font-weight:300\">Respalda la ejecuci\u00f3n puntual y conforme de contratos de prestaci\u00f3n de servicios, protegiendo al cliente frente a incumplimientos.<\/p>\n\n\n\n<div class=\"wp-block-buttons is-content-justification-left is-layout-flex wp-container-core-buttons-is-layout-eeedef89 wp-block-buttons-is-layout-flex\" style=\"margin-top:15px\"><\/div>\n<\/div>\n<\/div>\n<\/div>\n<\/div>\n\n\n\n<div class=\"wp-block-column is-style-default accountra-animate accountra-move-up accountra-delay-7 is-layout-flow wp-block-column-is-layout-flow\">\n<div class=\"wp-block-group is-style-customboxshadow is-layout-flow wp-block-group-is-layout-flow\" style=\"border-radius:8px;padding-top:30px;padding-right:25px;padding-bottom:30px;padding-left:30px\">\n<div class=\"wp-block-columns are-vertically-aligned-top is-layout-flex wp-container-core-columns-is-layout-28f84493 wp-block-columns-is-layout-flex\">\n<div class=\"wp-block-column is-vertically-aligned-top is-layout-flow wp-block-column-is-layout-flow\" style=\"flex-basis:20%\">\n<figure class=\"wp-block-image size-full is-resized\"><img decoding=\"async\" src=\"https:\/\/corresur.com.bo\/wp-content\/themes\/accountra\/assets\/img\/icon-box.webp\" alt=\"\" class=\"wp-image-72\" style=\"width:45px;height:45px\"\/><\/figure>\n<\/div>\n\n\n\n<div class=\"wp-block-column is-vertically-aligned-top is-layout-flow wp-block-column-is-layout-flow\" style=\"flex-basis:90%\">\n<h5 class=\"wp-block-heading has-text-color has-small-font-size\" style=\"color:#252425;margin-top:0px;margin-right:0px;margin-bottom:20px;margin-left:0px;font-style:normal;font-weight:500\">Cumplimiento Contrato de Suministros<\/h5>\n\n\n\n<p class=\"accountra-margin-top-n10 has-forth-color has-text-color has-tiny-font-size\" style=\"font-style:normal;font-weight:300\">Cauci\u00f3n que asegura la entrega de materiales o bienes conforme a los t\u00e9rminos del contrato, salvaguardando los intereses del comprador.<\/p>\n\n\n\n<div class=\"wp-block-buttons is-content-justification-left is-layout-flex wp-container-core-buttons-is-layout-eeedef89 wp-block-buttons-is-layout-flex\" style=\"margin-top:15px\"><\/div>\n<\/div>\n<\/div>\n<\/div>\n<\/div>\n\n\n\n<div class=\"wp-block-column is-style-default accountra-animate accountra-move-up accountra-delay-10 is-layout-flow wp-block-column-is-layout-flow\">\n<div class=\"wp-block-group is-style-customboxshadow is-layout-flow wp-block-group-is-layout-flow\" style=\"border-radius:8px;padding-top:30px;padding-right:25px;padding-bottom:30px;padding-left:30px\">\n<div class=\"wp-block-columns are-vertically-aligned-top is-layout-flex wp-container-core-columns-is-layout-28f84493 wp-block-columns-is-layout-flex\">\n<div class=\"wp-block-column is-vertically-aligned-top is-layout-flow wp-block-column-is-layout-flow\" style=\"flex-basis:20%\">\n<figure class=\"wp-block-image size-full is-resized\"><img decoding=\"async\" src=\"https:\/\/corresur.com.bo\/wp-content\/themes\/accountra\/assets\/img\/icon-apartment.webp\" alt=\"\" class=\"wp-image-73\" style=\"width:45px;height:45px\"\/><\/figure>\n<\/div>\n\n\n\n<div class=\"wp-block-column is-vertically-aligned-top is-layout-flow wp-block-column-is-layout-flow\" style=\"flex-basis:90%\">\n<h5 class=\"wp-block-heading has-text-color has-small-font-size\" style=\"color:#252425;margin-top:0px;margin-right:0px;margin-bottom:20px;margin-left:0px;font-style:normal;font-weight:500\">Buena Ejecuci\u00f3n de Transporte<\/h5>\n\n\n\n<p class=\"accountra-margin-top-n10 has-forth-color has-text-color has-tiny-font-size\" style=\"font-style:normal;font-weight:300\">Protege a las partes involucradas en contratos de transporte, asegurando el cumplimiento de las obligaciones y la entrega segura de las mercanc\u00edas.<\/p>\n\n\n\n<div class=\"wp-block-buttons is-content-justification-left is-layout-flex wp-container-core-buttons-is-layout-eeedef89 wp-block-buttons-is-layout-flex\" style=\"margin-top:15px\"><\/div>\n<\/div>\n<\/div>\n<\/div>\n<\/div>\n<\/div>\n\n\n\n<div class=\"wp-block-columns is-layout-flex wp-container-core-columns-is-layout-28f84493 wp-block-columns-is-layout-flex\">\n<div class=\"wp-block-column is-style-default accountra-animate accountra-move-up accountra-delay-5 is-layout-flow wp-block-column-is-layout-flow\">\n<div class=\"wp-block-group is-style-customboxshadow is-layout-flow wp-block-group-is-layout-flow\" style=\"border-radius:8px;padding-top:30px;padding-right:25px;padding-bottom:30px;padding-left:30px\">\n<div class=\"wp-block-columns are-vertically-aligned-top is-layout-flex wp-container-core-columns-is-layout-28f84493 wp-block-columns-is-layout-flex\">\n<div class=\"wp-block-column is-vertically-aligned-top is-layout-flow wp-block-column-is-layout-flow\" style=\"flex-basis:20%\">\n<figure class=\"wp-block-image size-full is-resized\"><img decoding=\"async\" src=\"https:\/\/corresur.com.bo\/wp-content\/themes\/accountra\/assets\/img\/icon-hand-money.webp\" alt=\"\" class=\"wp-image-71\" style=\"width:45px;height:45px\"\/><\/figure>\n<\/div>\n\n\n\n<div class=\"wp-block-column is-vertically-aligned-top is-layout-flow wp-block-column-is-layout-flow\" style=\"flex-basis:90%\">\n<h5 class=\"wp-block-heading has-text-color has-small-font-size\" style=\"color:#252425;margin-top:0px;margin-right:0px;margin-bottom:20px;margin-left:0px;font-style:normal;font-weight:500\">Cumplimiento Obligaciones Aduaneras Empresas de Servicio Expreso<\/h5>\n\n\n\n<p class=\"accountra-margin-top-n10 has-forth-color has-text-color has-tiny-font-size\" style=\"font-style:normal;font-weight:300\">Respalda a las empresas de mensajer\u00eda y servicios expr\u00e9s en el cumplimiento de sus responsabilidades aduaneras, minimizando riesgos operativos.<\/p>\n\n\n\n<div class=\"wp-block-buttons is-content-justification-left is-layout-flex wp-container-core-buttons-is-layout-eeedef89 wp-block-buttons-is-layout-flex\" style=\"margin-top:15px\"><\/div>\n<\/div>\n<\/div>\n<\/div>\n<\/div>\n\n\n\n<div class=\"wp-block-column is-style-default accountra-animate accountra-move-up accountra-delay-7 is-layout-flow wp-block-column-is-layout-flow\">\n<div class=\"wp-block-group is-style-customboxshadow is-layout-flow wp-block-group-is-layout-flow\" style=\"border-radius:8px;padding-top:30px;padding-right:25px;padding-bottom:30px;padding-left:30px\">\n<div class=\"wp-block-columns are-vertically-aligned-top is-layout-flex wp-container-core-columns-is-layout-28f84493 wp-block-columns-is-layout-flex\">\n<div class=\"wp-block-column is-vertically-aligned-top is-layout-flow wp-block-column-is-layout-flow\" style=\"flex-basis:20%\">\n<figure class=\"wp-block-image size-full is-resized\"><img decoding=\"async\" src=\"https:\/\/corresur.com.bo\/wp-content\/themes\/accountra\/assets\/img\/icon-box.webp\" alt=\"\" class=\"wp-image-72\" style=\"width:45px;height:45px\"\/><\/figure>\n<\/div>\n\n\n\n<div class=\"wp-block-column is-vertically-aligned-top is-layout-flow wp-block-column-is-layout-flow\" style=\"flex-basis:90%\">\n<h5 class=\"wp-block-heading has-text-color has-small-font-size\" style=\"color:#252425;margin-top:0px;margin-right:0px;margin-bottom:20px;margin-left:0px;font-style:normal;font-weight:500\">Funcionamiento de Maquinaria y\/o Equipo para Entidades P\u00fablicas<\/h5>\n\n\n\n<p class=\"accountra-margin-top-n10 has-forth-color has-text-color has-tiny-font-size\" style=\"font-style:normal;font-weight:300\">Cauci\u00f3n que asegura el correcto funcionamiento de maquinaria o equipos entregados a instituciones p\u00fablicas, garantizando su calidad y operatividad.<\/p>\n\n\n\n<div class=\"wp-block-buttons is-content-justification-left is-layout-flex wp-container-core-buttons-is-layout-eeedef89 wp-block-buttons-is-layout-flex\" style=\"margin-top:15px\"><\/div>\n<\/div>\n<\/div>\n<\/div>\n<\/div>\n\n\n\n<div class=\"wp-block-column is-style-default accountra-animate accountra-move-up accountra-delay-10 is-layout-flow wp-block-column-is-layout-flow\">\n<div class=\"wp-block-group is-style-customboxshadow is-layout-flow wp-block-group-is-layout-flow\" style=\"border-radius:8px;padding-top:30px;padding-right:25px;padding-bottom:30px;padding-left:30px\">\n<div class=\"wp-block-columns are-vertically-aligned-top is-layout-flex wp-container-core-columns-is-layout-28f84493 wp-block-columns-is-layout-flex\">\n<div class=\"wp-block-column is-vertically-aligned-top is-layout-flow wp-block-column-is-layout-flow\" style=\"flex-basis:20%\">\n<figure class=\"wp-block-image size-full is-resized\"><img decoding=\"async\" src=\"https:\/\/corresur.com.bo\/wp-content\/themes\/accountra\/assets\/img\/icon-apartment.webp\" alt=\"\" class=\"wp-image-73\" style=\"width:45px;height:45px\"\/><\/figure>\n<\/div>\n\n\n\n<div class=\"wp-block-column is-vertically-aligned-top is-layout-flow wp-block-column-is-layout-flow\" style=\"flex-basis:90%\">\n<h5 class=\"wp-block-heading has-text-color has-small-font-size\" style=\"color:#252425;margin-top:0px;margin-right:0px;margin-bottom:20px;margin-left:0px;font-style:normal;font-weight:500\">Seriedad de Propuesta<\/h5>\n\n\n\n<p class=\"accountra-margin-top-n10 has-forth-color has-text-color has-tiny-font-size\" style=\"font-style:normal;font-weight:300\">Respaldo financiero que garantiza la seriedad y el compromiso del proponente en procesos de licitaci\u00f3n o concursos p\u00fablicos.<\/p>\n\n\n\n<div class=\"wp-block-buttons is-content-justification-left is-layout-flex wp-container-core-buttons-is-layout-eeedef89 wp-block-buttons-is-layout-flex\" style=\"margin-top:15px\"><\/div>\n<\/div>\n<\/div>\n<\/div>\n<\/div>\n<\/div>\n<\/div>\n<\/div>\n<\/div>\n<\/div>\n","protected":false},"excerpt":{"rendered":"<p>Agencias y Agentes Despachantes de Aduana P\u00f3liza destinada a respaldar a los agentes aduaneros en el cumplimiento de sus obligaciones legales, asegurando la correcta gesti\u00f3n y entrega de las mercanc\u00edas. Buena Ejecuci\u00f3n de Obra P\u00f3liza que garantiza el cumplimiento de los contratos de construcci\u00f3n o proyectos, protegiendo a los beneficiarios frente a incumplimientos o defectos en la ejecuci\u00f3n. Caucion Calificada Seguro regulado por la Autoridad de Supervisi\u00f3n del Sistema Financiero (ASFI) destinado a entidades financieras supervisadas. Este producto cubre el incumplimiento de las obligaciones legales o contractuales por parte de directores, altos ejecutivos, s\u00edndicos, gerentes y\/o cualquier otro cargo de<\/p>\n","protected":false},"author":1,"featured_media":0,"parent":0,"menu_order":0,"comment_status":"closed","ping_status":"closed","template":"","meta":{"footnotes":""},"class_list":["post-125","page","type-page","status-publish","hentry"],"_links":{"self":[{"href":"https:\/\/www.corresur.com.bo\/index.php?rest_route=\/wp\/v2\/pages\/125","targetHints":{"allow":["GET"]}}],"collection":[{"href":"https:\/\/www.corresur.com.bo\/index.php?rest_route=\/wp\/v2\/pages"}],"about":[{"href":"https:\/\/www.corresur.com.bo\/index.php?rest_route=\/wp\/v2\/types\/page"}],"author":[{"embeddable":true,"href":"https:\/\/www.corresur.com.bo\/index.php?rest_route=\/wp\/v2\/users\/1"}],"replies":[{"embeddable":true,"href":"https:\/\/www.corresur.com.bo\/index.php?rest_route=%2Fwp%2Fv2%2Fcomments&post=125"}],"version-history":[{"count":5,"href":"https:\/\/www.corresur.com.bo\/index.php?rest_route=\/wp\/v2\/pages\/125\/revisions"}],"predecessor-version":[{"id":690,"href":"https:\/\/www.corresur.com.bo\/index.php?rest_route=\/wp\/v2\/pages\/125\/revisions\/690"}],"wp:attachment":[{"href":"https:\/\/www.corresur.com.bo\/index.php?rest_route=%2Fwp%2Fv2%2Fmedia&parent=125"}],"curies":[{"name":"wp","href":"https:\/\/api.w.org\/{rel}","templated":true}]}}